{"id":3397,"date":"2024-08-28T11:25:29","date_gmt":"2024-08-28T11:25:29","guid":{"rendered":"https:\/\/demo.artureanec.com\/themes\/logico-rounded\/?page_id=3397"},"modified":"2025-09-07T15:01:08","modified_gmt":"2025-09-07T12:01:08","slug":"kara-yolu-tasimaciligi","status":"publish","type":"page","link":"https:\/\/dexcoglobal.com\/en\/hizmetlerimiz\/kara-yolu-tasimaciligi\/","title":{"rendered":"Road Transportation"},"content":{"rendered":"<div data-elementor-type=\"wp-page\" data-elementor-id=\"3397\" class=\"elementor elementor-3397\">\n\t\t\t\t<div class=\"elementor-element elementor-element-442eede e-flex e-con-boxed cut-corner-no sticky-container-off e-con e-parent\" data-id=\"442eede\" data-element_type=\"container\" data-e-type=\"container\">\n\t\t\t\t\t<div class=\"e-con-inner\">\n\t\t<div class=\"elementor-element elementor-element-a1b58a4 e-con-full e-flex cut-corner-no sticky-container-off e-con e-child\" data-id=\"a1b58a4\" data-element_type=\"container\" data-e-type=\"container\">\n\t\t\t\t<div class=\"elementor-element elementor-element-09db825 elementor-widget elementor-widget-image\" data-id=\"09db825\" data-element_type=\"widget\" data-e-type=\"widget\" data-widget_type=\"image.default\">\n\t\t\t\t<div class=\"elementor-widget-container\">\n\t\t\t\t\t\t\t\t\t\t\t\t\t\t\t<img fetchpriority=\"high\" decoding=\"async\" width=\"1920\" height=\"800\" src=\"https:\/\/dexcoglobal.com\/wp-content\/uploads\/2025\/09\/slider-1-rev.jpg\" class=\"attachment-full size-full wp-image-11343\" alt=\"\" \/>\t\t\t\t\t\t\t\t\t\t\t\t\t\t\t<\/div>\n\t\t\t\t<\/div>\n\t\t\t\t<div class=\"elementor-element elementor-element-ea07fb0 elementor-widget elementor-widget-text-editor\" data-id=\"ea07fb0\" data-element_type=\"widget\" data-e-type=\"widget\" data-widget_type=\"text-editor.default\">\n\t\t\t\t<div class=\"elementor-widget-container\">\n\t\t\t\t\t\t\t\t\t<p>Road transport is a cornerstone of the logistics industry, ensuring the safe, rapid, and cost-effective transportation of all types of cargo. With our extensive fleet of self-owned vehicles and experienced drivers, we deliver all types of cargo to your desired destination safely and on time. We offer customized solutions to meet both your partial and full-load transportation needs.<\/p><p>Road transport stands out for its flexibility, and we operate with vehicles designed to meet every transportation need. We offer a wide range of services, from small loads to heavy and oversized loads. Leveraging the accessibility and speed advantages of road transport, we manage all your operational processes efficiently. We utilize the latest security measures and tracking systems in our vehicles to ensure the safety of your cargo at every step.<\/p><p>Furthermore, thanks to the flexibility offered by road transport, we can also provide solutions for obstacles that may arise during the journey, such as adverse weather conditions or traffic. We can continuously monitor the delivery of your shipments throughout the transit period and intervene as necessary. We maintain constant communication with you throughout the entire transportation process, ensuring the highest standards of security for your shipments.<\/p>\t\t\t\t\t\t\t\t<\/div>\n\t\t\t\t<\/div>\n\t\t\t\t<\/div>\n\t\t\t\t\t<\/div>\n\t\t\t\t<\/div>\n\t\t\t\t<\/div>","protected":false},"excerpt":{"rendered":"<p>Kara yolu ta\u015f\u0131mac\u0131l\u0131\u011f\u0131, lojistik sekt\u00f6r\u00fcn\u00fcn temel ta\u015flar\u0131ndan biridir ve her t\u00fcrl\u00fc y\u00fck\u00fcn g\u00fcvenli, h\u0131zl\u0131 ve maliyet etkin bir \u015fekilde ta\u015f\u0131nmas\u0131n\u0131 sa\u011flar. Geni\u015f \u00f6zmal ara\u00e7 filomuz ve deneyimli s\u00fcr\u00fcc\u00fclerimizle, yola \u00e7\u0131kacak her t\u00fcrl\u00fc y\u00fck\u00fc zaman\u0131nda ve g\u00fcvenli bir \u015fekilde istedi\u011finiz hedefe ula\u015ft\u0131r\u0131yoruz&#8230;.<\/p>","protected":false},"author":1,"featured_media":11018,"parent":11348,"menu_order":0,"comment_status":"closed","ping_status":"closed","template":"","meta":{"inline_featured_image":false,"footnotes":""},"class_list":["post-3397","page","type-page","status-publish","has-post-thumbnail","hentry"],"aioseo_notices":[],"_links":{"self":[{"href":"https:\/\/dexcoglobal.com\/en\/wp-json\/wp\/v2\/pages\/3397","targetHints":{"allow":["GET"]}}],"collection":[{"href":"https:\/\/dexcoglobal.com\/en\/wp-json\/wp\/v2\/pages"}],"about":[{"href":"https:\/\/dexcoglobal.com\/en\/wp-json\/wp\/v2\/types\/page"}],"author":[{"embeddable":true,"href":"https:\/\/dexcoglobal.com\/en\/wp-json\/wp\/v2\/users\/1"}],"replies":[{"embeddable":true,"href":"https:\/\/dexcoglobal.com\/en\/wp-json\/wp\/v2\/comments?post=3397"}],"version-history":[{"count":17,"href":"https:\/\/dexcoglobal.com\/en\/wp-json\/wp\/v2\/pages\/3397\/revisions"}],"predecessor-version":[{"id":11369,"href":"https:\/\/dexcoglobal.com\/en\/wp-json\/wp\/v2\/pages\/3397\/revisions\/11369"}],"up":[{"embeddable":true,"href":"https:\/\/dexcoglobal.com\/en\/wp-json\/wp\/v2\/pages\/11348"}],"wp:featuredmedia":[{"embeddable":true,"href":"https:\/\/dexcoglobal.com\/en\/wp-json\/wp\/v2\/media\/11018"}],"wp:attachment":[{"href":"https:\/\/dexcoglobal.com\/en\/wp-json\/wp\/v2\/media?parent=3397"}],"curies":[{"name":"wp","href":"https:\/\/api.w.org\/{rel}","templated":true}]}}