{"id":11438,"date":"2025-09-08T11:11:34","date_gmt":"2025-09-08T08:11:34","guid":{"rendered":"http:\/\/dexcoglobal.com\/?page_id=11438"},"modified":"2025-09-08T11:11:49","modified_gmt":"2025-09-08T08:11:49","slug":"depolama-hizmetleri","status":"publish","type":"page","link":"https:\/\/dexcoglobal.com\/en\/hizmetlerimiz\/depolama-hizmetleri\/","title":{"rendered":"Storage Services"},"content":{"rendered":"<div data-elementor-type=\"wp-page\" data-elementor-id=\"11438\" class=\"elementor elementor-11438\">\n\t\t\t\t<div class=\"elementor-element elementor-element-442eede e-flex e-con-boxed cut-corner-no sticky-container-off e-con e-parent\" data-id=\"442eede\" data-element_type=\"container\" data-e-type=\"container\">\n\t\t\t\t\t<div class=\"e-con-inner\">\n\t\t<div class=\"elementor-element elementor-element-a1b58a4 e-con-full e-flex cut-corner-no sticky-container-off e-con e-child\" data-id=\"a1b58a4\" data-element_type=\"container\" data-e-type=\"container\">\n\t\t\t\t<div class=\"elementor-element elementor-element-09db825 elementor-widget elementor-widget-image\" data-id=\"09db825\" data-element_type=\"widget\" data-e-type=\"widget\" data-widget_type=\"image.default\">\n\t\t\t\t<div class=\"elementor-widget-container\">\n\t\t\t\t\t\t\t\t\t\t\t\t\t\t\t<img fetchpriority=\"high\" decoding=\"async\" width=\"800\" height=\"400\" src=\"https:\/\/dexcoglobal.com\/wp-content\/uploads\/2025\/09\/depolama-hizmetleri.jpg\" class=\"attachment-full size-full wp-image-11440\" alt=\"\" \/>\t\t\t\t\t\t\t\t\t\t\t\t\t\t\t<\/div>\n\t\t\t\t<\/div>\n\t\t\t\t<div class=\"elementor-element elementor-element-ea07fb0 elementor-widget elementor-widget-text-editor\" data-id=\"ea07fb0\" data-element_type=\"widget\" data-e-type=\"widget\" data-widget_type=\"text-editor.default\">\n\t\t\t\t<div class=\"elementor-widget-container\">\n\t\t\t\t\t\t\t\t\t<p>At DEXCO Global Logistics, we offer flexible and integrated solutions for both domestic and international warehousing services, leveraging our extensive warehousing network, advanced storage technologies, and inventory management capabilities. We ensure the safe storage of your products and ensure prompt delivery to your customers. We offer specialized solutions for the storage needs of a wide range of industries, including spare parts, textiles, electronics, and automotive.<\/p><p>We offer customized solutions for various industries and customer needs. Whether simple or complex, large or small, we manage the supply chain and warehousing operations of every business we work with with utmost care and responsibility. We combine our industry expertise with leading technologies to reduce your costs and deliver the most efficient and high-quality warehousing services possible, utilizing space, resources, and labor.<\/p><p>If you need dedicated storage space but your products don't fill a full warehouse, you can take advantage of our multi-user dedicated storage solutions. With this solution, we store your products in dedicated space, ensuring they always have a place within the warehouse.<\/p><p>We scale our warehouses in Izmir, Istanbul, Thessaloniki, Greece, and Kupferzell, Germany, so you can use them on a project-by-project basis, for the period you request. We charge you for the space you use in our warehouse, the size and duration of your daily needs, and we store your shipments securely.<\/p>\t\t\t\t\t\t\t\t<\/div>\n\t\t\t\t<\/div>\n\t\t\t\t<\/div>\n\t\t\t\t\t<\/div>\n\t\t\t\t<\/div>\n\t\t\t\t<\/div>","protected":false},"excerpt":{"rendered":"<p>DEXCO Global Lojistik olarak, geni\u015f depolama a\u011f\u0131m\u0131z, geli\u015fmi\u015f depolama teknolojilerimiz ve stok y\u00f6netimi kabiliyetimiz ile esnek ve entegre \u00e7\u00f6z\u00fcmlerle yurt i\u00e7i ve yurt d\u0131\u015f\u0131nda depolama hizmetleri sunarak \u00fcr\u00fcnlerinizin g\u00fcvenle depolanmas\u0131n\u0131 sa\u011fl\u0131yoruz ve m\u00fc\u015fterilerinize en k\u0131sa s\u00fcrede ula\u015f\u0131m hizmetini sunuyoruz. Yedek par\u00e7a,&#8230;<\/p>","protected":false},"author":1,"featured_media":11018,"parent":11348,"menu_order":0,"comment_status":"closed","ping_status":"closed","template":"","meta":{"inline_featured_image":false,"footnotes":""},"class_list":["post-11438","page","type-page","status-publish","has-post-thumbnail","hentry"],"aioseo_notices":[],"_links":{"self":[{"href":"https:\/\/dexcoglobal.com\/en\/wp-json\/wp\/v2\/pages\/11438","targetHints":{"allow":["GET"]}}],"collection":[{"href":"https:\/\/dexcoglobal.com\/en\/wp-json\/wp\/v2\/pages"}],"about":[{"href":"https:\/\/dexcoglobal.com\/en\/wp-json\/wp\/v2\/types\/page"}],"author":[{"embeddable":true,"href":"https:\/\/dexcoglobal.com\/en\/wp-json\/wp\/v2\/users\/1"}],"replies":[{"embeddable":true,"href":"https:\/\/dexcoglobal.com\/en\/wp-json\/wp\/v2\/comments?post=11438"}],"version-history":[{"count":4,"href":"https:\/\/dexcoglobal.com\/en\/wp-json\/wp\/v2\/pages\/11438\/revisions"}],"predecessor-version":[{"id":11443,"href":"https:\/\/dexcoglobal.com\/en\/wp-json\/wp\/v2\/pages\/11438\/revisions\/11443"}],"up":[{"embeddable":true,"href":"https:\/\/dexcoglobal.com\/en\/wp-json\/wp\/v2\/pages\/11348"}],"wp:featuredmedia":[{"embeddable":true,"href":"https:\/\/dexcoglobal.com\/en\/wp-json\/wp\/v2\/media\/11018"}],"wp:attachment":[{"href":"https:\/\/dexcoglobal.com\/en\/wp-json\/wp\/v2\/media?parent=11438"}],"curies":[{"name":"wp","href":"https:\/\/api.w.org\/{rel}","templated":true}]}}