{"id":11424,"date":"2025-09-08T11:06:29","date_gmt":"2025-09-08T08:06:29","guid":{"rendered":"http:\/\/dexcoglobal.com\/?page_id=11424"},"modified":"2025-09-08T11:08:13","modified_gmt":"2025-09-08T08:08:13","slug":"frigo-tasimaciligi","status":"publish","type":"page","link":"https:\/\/dexcoglobal.com\/en\/hizmetlerimiz\/frigo-tasimaciligi\/","title":{"rendered":"Refrigerated Transportation"},"content":{"rendered":"<div data-elementor-type=\"wp-page\" data-elementor-id=\"11424\" class=\"elementor elementor-11424\">\n\t\t\t\t<div class=\"elementor-element elementor-element-442eede e-flex e-con-boxed cut-corner-no sticky-container-off e-con e-parent\" data-id=\"442eede\" data-element_type=\"container\" data-e-type=\"container\">\n\t\t\t\t\t<div class=\"e-con-inner\">\n\t\t<div class=\"elementor-element elementor-element-a1b58a4 e-con-full e-flex cut-corner-no sticky-container-off e-con e-child\" data-id=\"a1b58a4\" data-element_type=\"container\" data-e-type=\"container\">\n\t\t\t\t<div class=\"elementor-element elementor-element-09db825 elementor-widget elementor-widget-image\" data-id=\"09db825\" data-element_type=\"widget\" data-e-type=\"widget\" data-widget_type=\"image.default\">\n\t\t\t\t<div class=\"elementor-widget-container\">\n\t\t\t\t\t\t\t\t\t\t\t\t\t\t\t<img fetchpriority=\"high\" decoding=\"async\" width=\"800\" height=\"400\" src=\"https:\/\/dexcoglobal.com\/wp-content\/uploads\/2025\/09\/frigo-tasimaciligi-gorsel.jpg\" class=\"attachment-full size-full wp-image-11426\" alt=\"\" \/>\t\t\t\t\t\t\t\t\t\t\t\t\t\t\t<\/div>\n\t\t\t\t<\/div>\n\t\t\t\t<div class=\"elementor-element elementor-element-ea07fb0 elementor-widget elementor-widget-text-editor\" data-id=\"ea07fb0\" data-element_type=\"widget\" data-e-type=\"widget\" data-widget_type=\"text-editor.default\">\n\t\t\t\t<div class=\"elementor-widget-container\">\n\t\t\t\t\t\t\t\t\t<p>Refrigerated transportation, also known as reefer, is a specialized transportation system used to preserve the quality and safety of products that require a specific temperature level. It is particularly preferred for transporting sensitive products such as food, medical supplies, and biological materials, which are perishable and require temperature control within a specific range. It is a logistics transportation method that aims to preserve the quality and safety of such products during transit.<\/p><p>Refrigerated transportation is the general term for the transportation of food, medicine, chemicals, and similar products in compliance with cold chain transportation regulations, ensuring they remain intact. These vehicles are essential for delivering healthy and intact food to consumers. It is also crucial to transport products such as medicines, fresh fruits and vegetables, and fresh flowers over long distances without spoilage.<\/p><p>Refrigerated transportation is carried out using specially equipped vehicles equipped with refrigeration units that can be adjusted to temperatures ranging from -18 to -26 degrees Celsius. This type of transportation is also known as cold chain transportation, refrigerated food transportation, and refrigerated transportation. In this transportation system, the vehicles must be kept at a constant temperature and maintained throughout the process.<\/p>\t\t\t\t\t\t\t\t<\/div>\n\t\t\t\t<\/div>\n\t\t\t\t<\/div>\n\t\t\t\t\t<\/div>\n\t\t\t\t<\/div>\n\t\t\t\t<\/div>","protected":false},"excerpt":{"rendered":"<p>Reefer olarak da bilinen Frigo Ta\u015f\u0131mac\u0131l\u0131k, belli bir \u0131s\u0131 d\u00fczeyinde korunmas\u0131 gereken \u00fcr\u00fcnlerin kalitesini ve g\u00fcvenli\u011fini korumak i\u00e7in kullan\u0131lan \u00f6zel bir ta\u015f\u0131ma sistemidir. \u00d6zellikle kolay bozulabilen, s\u0131cakl\u0131\u011f\u0131 belirli bir aral\u0131kta tutulmas\u0131 gereken g\u0131da, t\u0131bbi malzeme, biyolojik materyaller gibi hassas \u00fcr\u00fcnlerin ta\u015f\u0131nmas\u0131nda&#8230;<\/p>","protected":false},"author":1,"featured_media":0,"parent":11348,"menu_order":0,"comment_status":"closed","ping_status":"closed","template":"","meta":{"inline_featured_image":false,"footnotes":""},"class_list":["post-11424","page","type-page","status-publish","hentry"],"aioseo_notices":[],"_links":{"self":[{"href":"https:\/\/dexcoglobal.com\/en\/wp-json\/wp\/v2\/pages\/11424","targetHints":{"allow":["GET"]}}],"collection":[{"href":"https:\/\/dexcoglobal.com\/en\/wp-json\/wp\/v2\/pages"}],"about":[{"href":"https:\/\/dexcoglobal.com\/en\/wp-json\/wp\/v2\/types\/page"}],"author":[{"embeddable":true,"href":"https:\/\/dexcoglobal.com\/en\/wp-json\/wp\/v2\/users\/1"}],"replies":[{"embeddable":true,"href":"https:\/\/dexcoglobal.com\/en\/wp-json\/wp\/v2\/comments?post=11424"}],"version-history":[{"count":5,"href":"https:\/\/dexcoglobal.com\/en\/wp-json\/wp\/v2\/pages\/11424\/revisions"}],"predecessor-version":[{"id":11431,"href":"https:\/\/dexcoglobal.com\/en\/wp-json\/wp\/v2\/pages\/11424\/revisions\/11431"}],"up":[{"embeddable":true,"href":"https:\/\/dexcoglobal.com\/en\/wp-json\/wp\/v2\/pages\/11348"}],"wp:attachment":[{"href":"https:\/\/dexcoglobal.com\/en\/wp-json\/wp\/v2\/media?parent=11424"}],"curies":[{"name":"wp","href":"https:\/\/api.w.org\/{rel}","templated":true}]}}