{"id":11348,"date":"2025-09-07T14:24:46","date_gmt":"2025-09-07T11:24:46","guid":{"rendered":"http:\/\/dexcoglobal.com\/?page_id=11348"},"modified":"2025-09-24T09:55:06","modified_gmt":"2025-09-24T06:55:06","slug":"hizmetlerimiz","status":"publish","type":"page","link":"https:\/\/dexcoglobal.com\/en\/hizmetlerimiz\/","title":{"rendered":"Our Services"},"content":{"rendered":"<div data-elementor-type=\"wp-page\" data-elementor-id=\"11348\" class=\"elementor elementor-11348\">\n\t\t\t\t<div class=\"elementor-element elementor-element-3c60769 e-flex e-con-boxed cut-corner-no sticky-container-off e-con e-parent\" data-id=\"3c60769\" data-element_type=\"container\" data-e-type=\"container\">\n\t\t\t\t\t<div class=\"e-con-inner\">\n\t\t<div class=\"elementor-element elementor-element-da406c8 e-con-full e-flex cut-corner-no sticky-container-off e-con e-child\" data-id=\"da406c8\" data-element_type=\"container\" data-e-type=\"container\">\n\t\t\t\t<div class=\"elementor-element elementor-element-8b83c04 elementor-widget elementor-widget-image\" data-id=\"8b83c04\" data-element_type=\"widget\" data-e-type=\"widget\" data-widget_type=\"image.default\">\n\t\t\t\t<div class=\"elementor-widget-container\">\n\t\t\t\t\t\t\t\t\t\t\t\t\t\t\t\t<a href=\"http:\/\/dexcoglobal.com\/en\/hizmetlerimiz\/kara-yolu-tasimaciligi\/\">\n\t\t\t\t\t\t\t<img fetchpriority=\"high\" decoding=\"async\" width=\"1020\" height=\"1020\" src=\"https:\/\/dexcoglobal.com\/wp-content\/uploads\/2025\/09\/karayolu-tasimaciligi-on-plan-1020x1020.jpg\" class=\"attachment-large size-large wp-image-11352\" alt=\"\" srcset=\"https:\/\/dexcoglobal.com\/wp-content\/uploads\/2025\/09\/karayolu-tasimaciligi-on-plan-1020x1020.jpg 1020w, https:\/\/dexcoglobal.com\/wp-content\/uploads\/2025\/09\/karayolu-tasimaciligi-on-plan-680x680.jpg 680w, https:\/\/dexcoglobal.com\/wp-content\/uploads\/2025\/09\/karayolu-tasimaciligi-on-plan-85x85.jpg 85w, https:\/\/dexcoglobal.com\/wp-content\/uploads\/2025\/09\/karayolu-tasimaciligi-on-plan-480x480.jpg 480w, https:\/\/dexcoglobal.com\/wp-content\/uploads\/2025\/09\/karayolu-tasimaciligi-on-plan-840x840.jpg 840w, https:\/\/dexcoglobal.com\/wp-content\/uploads\/2025\/09\/karayolu-tasimaciligi-on-plan.jpg 1080w\" sizes=\"(max-width: 1020px) 100vw, 1020px\" \/>\t\t\t\t\t\t\t\t<\/a>\n\t\t\t\t\t\t\t\t\t\t\t\t\t\t\t<\/div>\n\t\t\t\t<\/div>\n\t\t\t\t<div class=\"elementor-element elementor-element-3b06236 elementor-widget elementor-widget-logico_button\" data-id=\"3b06236\" data-element_type=\"widget\" data-e-type=\"widget\" data-widget_type=\"logico_button.default\">\n\t\t\t\t<div class=\"elementor-widget-container\">\n\t\t\t\t\t\n        <div class=\"button-widget\">\n            <div class=\"button-container\">\n                <a href=\"http:\/\/dexcoglobal.com\/en\/hizmetlerimiz\/kara-yolu-tasimaciligi\/\" target=\"_blank\" class=\"logico-alter-button\">\n                    Road Transportation                <\/a>\n            <\/div>\n        <\/div>\n        \t\t\t\t<\/div>\n\t\t\t\t<\/div>\n\t\t\t\t<\/div>\n\t\t<div class=\"elementor-element elementor-element-cc0e225 e-con-full e-flex cut-corner-no sticky-container-off e-con e-child\" data-id=\"cc0e225\" data-element_type=\"container\" data-e-type=\"container\">\n\t\t\t\t<div class=\"elementor-element elementor-element-0870f39 elementor-widget elementor-widget-image\" data-id=\"0870f39\" data-element_type=\"widget\" data-e-type=\"widget\" data-widget_type=\"image.default\">\n\t\t\t\t<div class=\"elementor-widget-container\">\n\t\t\t\t\t\t\t\t\t\t\t\t\t\t\t\t<a href=\"http:\/\/dexcoglobal.com\/en\/hizmetlerimiz\/minivan-ekspres-tasimaciligi\/\">\n\t\t\t\t\t\t\t<img decoding=\"async\" width=\"1020\" height=\"1020\" src=\"https:\/\/dexcoglobal.com\/wp-content\/uploads\/2025\/09\/minivan-tasimaciligi-on-plan-1020x1020.jpg\" class=\"attachment-large size-large wp-image-11353\" alt=\"\" srcset=\"https:\/\/dexcoglobal.com\/wp-content\/uploads\/2025\/09\/minivan-tasimaciligi-on-plan-1020x1020.jpg 1020w, https:\/\/dexcoglobal.com\/wp-content\/uploads\/2025\/09\/minivan-tasimaciligi-on-plan-680x680.jpg 680w, https:\/\/dexcoglobal.com\/wp-content\/uploads\/2025\/09\/minivan-tasimaciligi-on-plan-85x85.jpg 85w, https:\/\/dexcoglobal.com\/wp-content\/uploads\/2025\/09\/minivan-tasimaciligi-on-plan-480x480.jpg 480w, https:\/\/dexcoglobal.com\/wp-content\/uploads\/2025\/09\/minivan-tasimaciligi-on-plan-840x840.jpg 840w, https:\/\/dexcoglobal.com\/wp-content\/uploads\/2025\/09\/minivan-tasimaciligi-on-plan.jpg 1080w\" sizes=\"(max-width: 1020px) 100vw, 1020px\" \/>\t\t\t\t\t\t\t\t<\/a>\n\t\t\t\t\t\t\t\t\t\t\t\t\t\t\t<\/div>\n\t\t\t\t<\/div>\n\t\t\t\t<div class=\"elementor-element elementor-element-f3b4c54 elementor-widget elementor-widget-logico_button\" data-id=\"f3b4c54\" data-element_type=\"widget\" data-e-type=\"widget\" data-widget_type=\"logico_button.default\">\n\t\t\t\t<div class=\"elementor-widget-container\">\n\t\t\t\t\t\n        <div class=\"button-widget\">\n            <div class=\"button-container\">\n                <a href=\"http:\/\/dexcoglobal.com\/en\/hizmetlerimiz\/minivan-ekspres-tasimaciligi\/\" target=\"_blank\" class=\"logico-alter-button\">\n                    Minivan Express Transportation                <\/a>\n            <\/div>\n        <\/div>\n        \t\t\t\t<\/div>\n\t\t\t\t<\/div>\n\t\t\t\t<\/div>\n\t\t<div class=\"elementor-element elementor-element-5199228 e-con-full e-flex cut-corner-no sticky-container-off e-con e-child\" data-id=\"5199228\" data-element_type=\"container\" data-e-type=\"container\">\n\t\t\t\t<div class=\"elementor-element elementor-element-87c45a3 elementor-widget elementor-widget-image\" data-id=\"87c45a3\" data-element_type=\"widget\" data-e-type=\"widget\" data-widget_type=\"image.default\">\n\t\t\t\t<div class=\"elementor-widget-container\">\n\t\t\t\t\t\t\t\t\t\t\t\t\t\t\t<img decoding=\"async\" width=\"1020\" height=\"1020\" src=\"https:\/\/dexcoglobal.com\/wp-content\/uploads\/2025\/09\/frigo-tasimaciligi-1020x1020.jpg\" class=\"attachment-large size-large wp-image-11391\" alt=\"\" srcset=\"https:\/\/dexcoglobal.com\/wp-content\/uploads\/2025\/09\/frigo-tasimaciligi-1020x1020.jpg 1020w, https:\/\/dexcoglobal.com\/wp-content\/uploads\/2025\/09\/frigo-tasimaciligi-680x680.jpg 680w, https:\/\/dexcoglobal.com\/wp-content\/uploads\/2025\/09\/frigo-tasimaciligi-85x85.jpg 85w, https:\/\/dexcoglobal.com\/wp-content\/uploads\/2025\/09\/frigo-tasimaciligi-480x480.jpg 480w, https:\/\/dexcoglobal.com\/wp-content\/uploads\/2025\/09\/frigo-tasimaciligi-840x840.jpg 840w, https:\/\/dexcoglobal.com\/wp-content\/uploads\/2025\/09\/frigo-tasimaciligi.jpg 1080w\" sizes=\"(max-width: 1020px) 100vw, 1020px\" \/>\t\t\t\t\t\t\t\t\t\t\t\t\t\t\t<\/div>\n\t\t\t\t<\/div>\n\t\t\t\t<div class=\"elementor-element elementor-element-7a0f26d elementor-widget elementor-widget-logico_button\" data-id=\"7a0f26d\" data-element_type=\"widget\" data-e-type=\"widget\" data-widget_type=\"logico_button.default\">\n\t\t\t\t<div class=\"elementor-widget-container\">\n\t\t\t\t\t\n        <div class=\"button-widget\">\n            <div class=\"button-container\">\n                <a href=\"#\" target=\"_blank\" class=\"logico-alter-button\">\n                    Refrigerated Transportation                <\/a>\n            <\/div>\n        <\/div>\n        \t\t\t\t<\/div>\n\t\t\t\t<\/div>\n\t\t\t\t<\/div>\n\t\t<div class=\"elementor-element elementor-element-2589877 e-con-full e-flex cut-corner-no sticky-container-off e-con e-child\" data-id=\"2589877\" data-element_type=\"container\" data-e-type=\"container\">\n\t\t\t\t<div class=\"elementor-element elementor-element-e5428d3 elementor-widget elementor-widget-image\" data-id=\"e5428d3\" data-element_type=\"widget\" data-e-type=\"widget\" data-widget_type=\"image.default\">\n\t\t\t\t<div class=\"elementor-widget-container\">\n\t\t\t\t\t\t\t\t\t\t\t\t\t\t\t<img loading=\"lazy\" decoding=\"async\" width=\"1020\" height=\"1020\" src=\"https:\/\/dexcoglobal.com\/wp-content\/uploads\/2025\/09\/gabari-disi-tasimacilik-1020x1020.jpg\" class=\"attachment-large size-large wp-image-11390\" alt=\"\" srcset=\"https:\/\/dexcoglobal.com\/wp-content\/uploads\/2025\/09\/gabari-disi-tasimacilik-1020x1020.jpg 1020w, https:\/\/dexcoglobal.com\/wp-content\/uploads\/2025\/09\/gabari-disi-tasimacilik-680x680.jpg 680w, https:\/\/dexcoglobal.com\/wp-content\/uploads\/2025\/09\/gabari-disi-tasimacilik-85x85.jpg 85w, https:\/\/dexcoglobal.com\/wp-content\/uploads\/2025\/09\/gabari-disi-tasimacilik-480x480.jpg 480w, https:\/\/dexcoglobal.com\/wp-content\/uploads\/2025\/09\/gabari-disi-tasimacilik-840x840.jpg 840w, https:\/\/dexcoglobal.com\/wp-content\/uploads\/2025\/09\/gabari-disi-tasimacilik.jpg 1080w\" sizes=\"(max-width: 1020px) 100vw, 1020px\" \/>\t\t\t\t\t\t\t\t\t\t\t\t\t\t\t<\/div>\n\t\t\t\t<\/div>\n\t\t\t\t<div class=\"elementor-element elementor-element-0efd51e elementor-widget elementor-widget-logico_button\" data-id=\"0efd51e\" data-element_type=\"widget\" data-e-type=\"widget\" data-widget_type=\"logico_button.default\">\n\t\t\t\t<div class=\"elementor-widget-container\">\n\t\t\t\t\t\n        <div class=\"button-widget\">\n            <div class=\"button-container\">\n                <a href=\"#\" target=\"_blank\" class=\"logico-alter-button\">\n                    Gabari D\u0131\u015f\u0131 Ta\u015f\u0131mac\u0131\u011f\u0131                <\/a>\n            <\/div>\n        <\/div>\n        \t\t\t\t<\/div>\n\t\t\t\t<\/div>\n\t\t\t\t<\/div>\n\t\t\t\t\t<\/div>\n\t\t\t\t<\/div>\n\t\t<div class=\"elementor-element elementor-element-140e356 e-flex e-con-boxed cut-corner-no sticky-container-off e-con e-parent\" data-id=\"140e356\" data-element_type=\"container\" data-e-type=\"container\">\n\t\t\t\t\t<div class=\"e-con-inner\">\n\t\t<div class=\"elementor-element elementor-element-e67ae6f e-con-full e-flex cut-corner-no sticky-container-off e-con e-child\" data-id=\"e67ae6f\" data-element_type=\"container\" data-e-type=\"container\">\n\t\t\t\t<div class=\"elementor-element elementor-element-c36e3c1 elementor-widget elementor-widget-image\" data-id=\"c36e3c1\" data-element_type=\"widget\" data-e-type=\"widget\" data-widget_type=\"image.default\">\n\t\t\t\t<div class=\"elementor-widget-container\">\n\t\t\t\t\t\t\t\t\t\t\t\t\t\t\t\t<a href=\"http:\/\/dexcoglobal.com\/en\/hizmetlerimiz\/deniz-yolu-tasimaciligi\/\">\n\t\t\t\t\t\t\t<img loading=\"lazy\" decoding=\"async\" width=\"1020\" height=\"1020\" src=\"https:\/\/dexcoglobal.com\/wp-content\/uploads\/2025\/09\/denizyolu-tasimaciligi-on-plan-1020x1020.jpg\" class=\"attachment-large size-large wp-image-11359\" alt=\"\" srcset=\"https:\/\/dexcoglobal.com\/wp-content\/uploads\/2025\/09\/denizyolu-tasimaciligi-on-plan-1020x1020.jpg 1020w, https:\/\/dexcoglobal.com\/wp-content\/uploads\/2025\/09\/denizyolu-tasimaciligi-on-plan-680x680.jpg 680w, https:\/\/dexcoglobal.com\/wp-content\/uploads\/2025\/09\/denizyolu-tasimaciligi-on-plan-85x85.jpg 85w, https:\/\/dexcoglobal.com\/wp-content\/uploads\/2025\/09\/denizyolu-tasimaciligi-on-plan-480x480.jpg 480w, https:\/\/dexcoglobal.com\/wp-content\/uploads\/2025\/09\/denizyolu-tasimaciligi-on-plan-840x840.jpg 840w, https:\/\/dexcoglobal.com\/wp-content\/uploads\/2025\/09\/denizyolu-tasimaciligi-on-plan.jpg 1080w\" sizes=\"(max-width: 1020px) 100vw, 1020px\" \/>\t\t\t\t\t\t\t\t<\/a>\n\t\t\t\t\t\t\t\t\t\t\t\t\t\t\t<\/div>\n\t\t\t\t<\/div>\n\t\t\t\t<div class=\"elementor-element elementor-element-ceab478 elementor-widget elementor-widget-logico_button\" data-id=\"ceab478\" data-element_type=\"widget\" data-e-type=\"widget\" data-widget_type=\"logico_button.default\">\n\t\t\t\t<div class=\"elementor-widget-container\">\n\t\t\t\t\t\n        <div class=\"button-widget\">\n            <div class=\"button-container\">\n                <a href=\"http:\/\/dexcoglobal.com\/en\/hizmetlerimiz\/deniz-yolu-tasimaciligi\/\" target=\"_blank\" class=\"logico-alter-button\">\n                    Sea Transportation                <\/a>\n            <\/div>\n        <\/div>\n        \t\t\t\t<\/div>\n\t\t\t\t<\/div>\n\t\t\t\t<\/div>\n\t\t<div class=\"elementor-element elementor-element-a4f8eca e-con-full e-flex cut-corner-no sticky-container-off e-con e-child\" data-id=\"a4f8eca\" data-element_type=\"container\" data-e-type=\"container\">\n\t\t\t\t<div class=\"elementor-element elementor-element-ed35953 elementor-widget elementor-widget-image\" data-id=\"ed35953\" data-element_type=\"widget\" data-e-type=\"widget\" data-widget_type=\"image.default\">\n\t\t\t\t<div class=\"elementor-widget-container\">\n\t\t\t\t\t\t\t\t\t\t\t\t\t\t\t\t<a href=\"http:\/\/dexcoglobal.com\/en\/hizmetlerimiz\/intermodal-tasimaciligi\/\">\n\t\t\t\t\t\t\t<img loading=\"lazy\" decoding=\"async\" width=\"1020\" height=\"1020\" src=\"https:\/\/dexcoglobal.com\/wp-content\/uploads\/2025\/09\/intermodal-tasimaciligi-on-plan-1020x1020.jpg\" class=\"attachment-large size-large wp-image-11354\" alt=\"\" srcset=\"https:\/\/dexcoglobal.com\/wp-content\/uploads\/2025\/09\/intermodal-tasimaciligi-on-plan-1020x1020.jpg 1020w, https:\/\/dexcoglobal.com\/wp-content\/uploads\/2025\/09\/intermodal-tasimaciligi-on-plan-680x680.jpg 680w, https:\/\/dexcoglobal.com\/wp-content\/uploads\/2025\/09\/intermodal-tasimaciligi-on-plan-85x85.jpg 85w, https:\/\/dexcoglobal.com\/wp-content\/uploads\/2025\/09\/intermodal-tasimaciligi-on-plan-480x480.jpg 480w, https:\/\/dexcoglobal.com\/wp-content\/uploads\/2025\/09\/intermodal-tasimaciligi-on-plan-840x840.jpg 840w, https:\/\/dexcoglobal.com\/wp-content\/uploads\/2025\/09\/intermodal-tasimaciligi-on-plan.jpg 1080w\" sizes=\"(max-width: 1020px) 100vw, 1020px\" \/>\t\t\t\t\t\t\t\t<\/a>\n\t\t\t\t\t\t\t\t\t\t\t\t\t\t\t<\/div>\n\t\t\t\t<\/div>\n\t\t\t\t<div class=\"elementor-element elementor-element-efef3b7 elementor-widget elementor-widget-logico_button\" data-id=\"efef3b7\" data-element_type=\"widget\" data-e-type=\"widget\" data-widget_type=\"logico_button.default\">\n\t\t\t\t<div class=\"elementor-widget-container\">\n\t\t\t\t\t\n        <div class=\"button-widget\">\n            <div class=\"button-container\">\n                <a href=\"http:\/\/dexcoglobal.com\/en\/hizmetlerimiz\/intermodal-tasimaciligi\/\" target=\"_blank\" class=\"logico-alter-button\">\n                    Intermodal Transportation                <\/a>\n            <\/div>\n        <\/div>\n        \t\t\t\t<\/div>\n\t\t\t\t<\/div>\n\t\t\t\t<\/div>\n\t\t<div class=\"elementor-element elementor-element-5da50a3 e-con-full e-flex cut-corner-no sticky-container-off e-con e-child\" data-id=\"5da50a3\" data-element_type=\"container\" data-e-type=\"container\">\n\t\t\t\t<div class=\"elementor-element elementor-element-0b0d5bd elementor-widget elementor-widget-image\" data-id=\"0b0d5bd\" data-element_type=\"widget\" data-e-type=\"widget\" data-widget_type=\"image.default\">\n\t\t\t\t<div class=\"elementor-widget-container\">\n\t\t\t\t\t\t\t\t\t\t\t\t\t\t\t\t<a href=\"http:\/\/dexcoglobal.com\/en\/hizmetlerimiz\/hava-yolu-tasimaciligi\/\">\n\t\t\t\t\t\t\t<img loading=\"lazy\" decoding=\"async\" width=\"1020\" height=\"1020\" src=\"https:\/\/dexcoglobal.com\/wp-content\/uploads\/2025\/09\/havayolu-tasimaciligi-on-plan-1020x1020.jpg\" class=\"attachment-large size-large wp-image-11355\" alt=\"\" srcset=\"https:\/\/dexcoglobal.com\/wp-content\/uploads\/2025\/09\/havayolu-tasimaciligi-on-plan-1020x1020.jpg 1020w, https:\/\/dexcoglobal.com\/wp-content\/uploads\/2025\/09\/havayolu-tasimaciligi-on-plan-680x680.jpg 680w, https:\/\/dexcoglobal.com\/wp-content\/uploads\/2025\/09\/havayolu-tasimaciligi-on-plan-85x85.jpg 85w, https:\/\/dexcoglobal.com\/wp-content\/uploads\/2025\/09\/havayolu-tasimaciligi-on-plan-480x480.jpg 480w, https:\/\/dexcoglobal.com\/wp-content\/uploads\/2025\/09\/havayolu-tasimaciligi-on-plan-840x840.jpg 840w, https:\/\/dexcoglobal.com\/wp-content\/uploads\/2025\/09\/havayolu-tasimaciligi-on-plan.jpg 1080w\" sizes=\"(max-width: 1020px) 100vw, 1020px\" \/>\t\t\t\t\t\t\t\t<\/a>\n\t\t\t\t\t\t\t\t\t\t\t\t\t\t\t<\/div>\n\t\t\t\t<\/div>\n\t\t\t\t<div class=\"elementor-element elementor-element-a334541 elementor-widget elementor-widget-logico_button\" data-id=\"a334541\" data-element_type=\"widget\" data-e-type=\"widget\" data-widget_type=\"logico_button.default\">\n\t\t\t\t<div class=\"elementor-widget-container\">\n\t\t\t\t\t\n        <div class=\"button-widget\">\n            <div class=\"button-container\">\n                <a href=\"http:\/\/dexcoglobal.com\/en\/hizmetlerimiz\/hava-yolu-tasimaciligi\/\" target=\"_blank\" class=\"logico-alter-button\">\n                    Air Transportation                <\/a>\n            <\/div>\n        <\/div>\n        \t\t\t\t<\/div>\n\t\t\t\t<\/div>\n\t\t\t\t<\/div>\n\t\t<div class=\"elementor-element elementor-element-8e9b56e e-con-full e-flex cut-corner-no sticky-container-off e-con e-child\" data-id=\"8e9b56e\" data-element_type=\"container\" data-e-type=\"container\">\n\t\t\t\t<div class=\"elementor-element elementor-element-a084091 elementor-widget elementor-widget-image\" data-id=\"a084091\" data-element_type=\"widget\" data-e-type=\"widget\" data-widget_type=\"image.default\">\n\t\t\t\t<div class=\"elementor-widget-container\">\n\t\t\t\t\t\t\t\t\t\t\t\t\t\t\t\t<a href=\"http:\/\/dexcoglobal.com\/en\/hizmetlerimiz\/hava-yolu-tasimaciligi\/\">\n\t\t\t\t\t\t\t<img loading=\"lazy\" decoding=\"async\" width=\"1020\" height=\"1020\" src=\"https:\/\/dexcoglobal.com\/wp-content\/uploads\/2025\/09\/depolama-hizmetleri-kapak-1-1020x1020.jpg\" class=\"attachment-large size-large wp-image-11499\" alt=\"\" srcset=\"https:\/\/dexcoglobal.com\/wp-content\/uploads\/2025\/09\/depolama-hizmetleri-kapak-1-1020x1020.jpg 1020w, https:\/\/dexcoglobal.com\/wp-content\/uploads\/2025\/09\/depolama-hizmetleri-kapak-1-680x680.jpg 680w, https:\/\/dexcoglobal.com\/wp-content\/uploads\/2025\/09\/depolama-hizmetleri-kapak-1-85x85.jpg 85w, https:\/\/dexcoglobal.com\/wp-content\/uploads\/2025\/09\/depolama-hizmetleri-kapak-1-480x480.jpg 480w, https:\/\/dexcoglobal.com\/wp-content\/uploads\/2025\/09\/depolama-hizmetleri-kapak-1-840x840.jpg 840w, https:\/\/dexcoglobal.com\/wp-content\/uploads\/2025\/09\/depolama-hizmetleri-kapak-1.jpg 1080w\" sizes=\"(max-width: 1020px) 100vw, 1020px\" \/>\t\t\t\t\t\t\t\t<\/a>\n\t\t\t\t\t\t\t\t\t\t\t\t\t\t\t<\/div>\n\t\t\t\t<\/div>\n\t\t\t\t<div class=\"elementor-element elementor-element-8bfa95c elementor-widget elementor-widget-logico_button\" data-id=\"8bfa95c\" data-element_type=\"widget\" data-e-type=\"widget\" data-widget_type=\"logico_button.default\">\n\t\t\t\t<div class=\"elementor-widget-container\">\n\t\t\t\t\t\n        <div class=\"button-widget\">\n            <div class=\"button-container\">\n                <a href=\"https:\/\/dexcoglobal.com\/en\/hizmetlerimiz\/depolama-hizmetleri\/\" target=\"_blank\" class=\"logico-alter-button\">\n                    Storage Services                <\/a>\n            <\/div>\n        <\/div>\n        \t\t\t\t<\/div>\n\t\t\t\t<\/div>\n\t\t\t\t<\/div>\n\t\t\t\t\t<\/div>\n\t\t\t\t<\/div>\n\t\t\t\t<\/div>","protected":false},"excerpt":{"rendered":"","protected":false},"author":1,"featured_media":0,"parent":0,"menu_order":0,"comment_status":"closed","ping_status":"closed","template":"","meta":{"inline_featured_image":false,"footnotes":""},"class_list":["post-11348","page","type-page","status-publish","hentry"],"aioseo_notices":[],"_links":{"self":[{"href":"https:\/\/dexcoglobal.com\/en\/wp-json\/wp\/v2\/pages\/11348","targetHints":{"allow":["GET"]}}],"collection":[{"href":"https:\/\/dexcoglobal.com\/en\/wp-json\/wp\/v2\/pages"}],"about":[{"href":"https:\/\/dexcoglobal.com\/en\/wp-json\/wp\/v2\/types\/page"}],"author":[{"embeddable":true,"href":"https:\/\/dexcoglobal.com\/en\/wp-json\/wp\/v2\/users\/1"}],"replies":[{"embeddable":true,"href":"https:\/\/dexcoglobal.com\/en\/wp-json\/wp\/v2\/comments?post=11348"}],"version-history":[{"count":25,"href":"https:\/\/dexcoglobal.com\/en\/wp-json\/wp\/v2\/pages\/11348\/revisions"}],"predecessor-version":[{"id":11567,"href":"https:\/\/dexcoglobal.com\/en\/wp-json\/wp\/v2\/pages\/11348\/revisions\/11567"}],"wp:attachment":[{"href":"https:\/\/dexcoglobal.com\/en\/wp-json\/wp\/v2\/media?parent=11348"}],"curies":[{"name":"wp","href":"https:\/\/api.w.org\/{rel}","templated":true}]}}