{"id":11189,"date":"2025-08-21T02:32:09","date_gmt":"2025-08-20T23:32:09","guid":{"rendered":"http:\/\/dexcoglobal.com\/?page_id=11189"},"modified":"2025-09-07T15:00:46","modified_gmt":"2025-09-07T12:00:46","slug":"intermodal-tasimaciligi","status":"publish","type":"page","link":"https:\/\/dexcoglobal.com\/en\/hizmetlerimiz\/intermodal-tasimaciligi\/","title":{"rendered":"Intermodal Transportation"},"content":{"rendered":"<div data-elementor-type=\"wp-page\" data-elementor-id=\"11189\" class=\"elementor elementor-11189\">\n\t\t\t\t<div class=\"elementor-element elementor-element-442eede e-flex e-con-boxed cut-corner-no sticky-container-off e-con e-parent\" data-id=\"442eede\" data-element_type=\"container\" data-e-type=\"container\">\n\t\t\t\t\t<div class=\"e-con-inner\">\n\t\t<div class=\"elementor-element elementor-element-a1b58a4 e-con-full e-flex cut-corner-no sticky-container-off e-con e-child\" data-id=\"a1b58a4\" data-element_type=\"container\" data-e-type=\"container\">\n\t\t\t\t<div class=\"elementor-element elementor-element-09db825 elementor-widget elementor-widget-image\" data-id=\"09db825\" data-element_type=\"widget\" data-e-type=\"widget\" data-widget_type=\"image.default\">\n\t\t\t\t<div class=\"elementor-widget-container\">\n\t\t\t\t\t\t\t\t\t\t\t\t\t\t\t<img fetchpriority=\"high\" decoding=\"async\" width=\"2560\" height=\"1362\" src=\"https:\/\/dexcoglobal.com\/wp-content\/uploads\/2025\/08\/84ec076c-02fe-433e-8460-94fd708e59c6-scaled.jpeg\" class=\"attachment-full size-full wp-image-11191\" alt=\"\" srcset=\"https:\/\/dexcoglobal.com\/wp-content\/uploads\/2025\/08\/84ec076c-02fe-433e-8460-94fd708e59c6-scaled.jpeg 2560w, https:\/\/dexcoglobal.com\/wp-content\/uploads\/2025\/08\/84ec076c-02fe-433e-8460-94fd708e59c6-2048x1090.jpeg 2048w\" sizes=\"(max-width: 2560px) 100vw, 2560px\" \/>\t\t\t\t\t\t\t\t\t\t\t\t\t\t\t<\/div>\n\t\t\t\t<\/div>\n\t\t\t\t<div class=\"elementor-element elementor-element-ea07fb0 elementor-widget elementor-widget-text-editor\" data-id=\"ea07fb0\" data-element_type=\"widget\" data-e-type=\"widget\" data-widget_type=\"text-editor.default\">\n\t\t\t\t<div class=\"elementor-widget-container\">\n\t\t\t\t\t\t\t\t\t<p>Intermodal transportation combines different modes of transportation, such as road, sea, rail, and air, to ensure the most efficient and economical transportation of cargo. By integrating multiple modes of transportation, we make your logistics processes faster, safer, and more cost-effective. With our own vehicles and extensive transportation network, we transport your cargo across all routes and distances using intermodal transportation.<br \/><br \/>Thanks to the flexibility offered by intermodal transportation, we combine the advantages of different transportation modes and utilize the most efficient routes for your deliveries. Your cargo is transported under optimal conditions across all modes, minimizing time and costs. We optimize your logistics operations at every stage, making the transportation process faster and safer.<br \/><br \/>With our advanced tracking systems, we can monitor every step of your shipment in real time and provide you with transparent reports on all processes. We offer all intermodal transportation requirements under one roof, including customs procedures, insurance, and other logistics services, meeting all your logistics needs. Intermodal transportation stands out not only as an efficient but also as an environmentally friendly solution. With sustainable transportation solutions, we transport your goods with less fuel consumption and lower carbon emissions.<\/p>\t\t\t\t\t\t\t\t<\/div>\n\t\t\t\t<\/div>\n\t\t\t\t<\/div>\n\t\t\t\t\t<\/div>\n\t\t\t\t<\/div>\n\t\t\t\t<\/div>","protected":false},"excerpt":{"rendered":"<p>Intermodal ta\u015f\u0131mac\u0131l\u0131k, kara yolu, deniz yolu, demir yolu ve havayolu gibi farkl\u0131 ta\u015f\u0131ma modlar\u0131n\u0131 birle\u015ftirerek, y\u00fcklerin en verimli ve ekonomik \u015fekilde ta\u015f\u0131nmas\u0131n\u0131 sa\u011flar. Birden fazla ta\u015f\u0131ma arac\u0131n\u0131 entegre ederek, lojistik s\u00fcre\u00e7lerinizi daha h\u0131zl\u0131, g\u00fcvenli ve maliyet etkin hale getiriyoruz. \u00d6zmal ara\u00e7lar\u0131m\u0131z&#8230;<\/p>","protected":false},"author":1,"featured_media":11018,"parent":11348,"menu_order":0,"comment_status":"closed","ping_status":"closed","template":"","meta":{"inline_featured_image":false,"footnotes":""},"class_list":["post-11189","page","type-page","status-publish","has-post-thumbnail","hentry"],"aioseo_notices":[],"_links":{"self":[{"href":"https:\/\/dexcoglobal.com\/en\/wp-json\/wp\/v2\/pages\/11189","targetHints":{"allow":["GET"]}}],"collection":[{"href":"https:\/\/dexcoglobal.com\/en\/wp-json\/wp\/v2\/pages"}],"about":[{"href":"https:\/\/dexcoglobal.com\/en\/wp-json\/wp\/v2\/types\/page"}],"author":[{"embeddable":true,"href":"https:\/\/dexcoglobal.com\/en\/wp-json\/wp\/v2\/users\/1"}],"replies":[{"embeddable":true,"href":"https:\/\/dexcoglobal.com\/en\/wp-json\/wp\/v2\/comments?post=11189"}],"version-history":[{"count":9,"href":"https:\/\/dexcoglobal.com\/en\/wp-json\/wp\/v2\/pages\/11189\/revisions"}],"predecessor-version":[{"id":11320,"href":"https:\/\/dexcoglobal.com\/en\/wp-json\/wp\/v2\/pages\/11189\/revisions\/11320"}],"up":[{"embeddable":true,"href":"https:\/\/dexcoglobal.com\/en\/wp-json\/wp\/v2\/pages\/11348"}],"wp:featuredmedia":[{"embeddable":true,"href":"https:\/\/dexcoglobal.com\/en\/wp-json\/wp\/v2\/media\/11018"}],"wp:attachment":[{"href":"https:\/\/dexcoglobal.com\/en\/wp-json\/wp\/v2\/media?parent=11189"}],"curies":[{"name":"wp","href":"https:\/\/api.w.org\/{rel}","templated":true}]}}