{"id":11147,"date":"2025-08-21T02:26:49","date_gmt":"2025-08-20T23:26:49","guid":{"rendered":"http:\/\/dexcoglobal.com\/?page_id=11147"},"modified":"2025-09-07T15:00:26","modified_gmt":"2025-09-07T12:00:26","slug":"hava-yolu-tasimaciligi","status":"publish","type":"page","link":"https:\/\/dexcoglobal.com\/en\/hizmetlerimiz\/hava-yolu-tasimaciligi\/","title":{"rendered":"Air Transportation"},"content":{"rendered":"<div data-elementor-type=\"wp-page\" data-elementor-id=\"11147\" class=\"elementor elementor-11147\">\n\t\t\t\t<div class=\"elementor-element elementor-element-442eede e-flex e-con-boxed cut-corner-no sticky-container-off e-con e-parent\" data-id=\"442eede\" data-element_type=\"container\" data-e-type=\"container\">\n\t\t\t\t\t<div class=\"e-con-inner\">\n\t\t<div class=\"elementor-element elementor-element-a1b58a4 e-con-full e-flex cut-corner-no sticky-container-off e-con e-child\" data-id=\"a1b58a4\" data-element_type=\"container\" data-e-type=\"container\">\n\t\t\t\t<div class=\"elementor-element elementor-element-09db825 elementor-widget elementor-widget-image\" data-id=\"09db825\" data-element_type=\"widget\" data-e-type=\"widget\" data-widget_type=\"image.default\">\n\t\t\t\t<div class=\"elementor-widget-container\">\n\t\t\t\t\t\t\t\t\t\t\t\t\t\t\t<img fetchpriority=\"high\" decoding=\"async\" width=\"1600\" height=\"900\" src=\"https:\/\/dexcoglobal.com\/wp-content\/uploads\/2025\/08\/HavaYolu-3.jpg\" class=\"attachment-full size-full wp-image-11173\" alt=\"\" \/>\t\t\t\t\t\t\t\t\t\t\t\t\t\t\t<\/div>\n\t\t\t\t<\/div>\n\t\t\t\t<div class=\"elementor-element elementor-element-ea07fb0 elementor-widget elementor-widget-text-editor\" data-id=\"ea07fb0\" data-element_type=\"widget\" data-e-type=\"widget\" data-widget_type=\"text-editor.default\">\n\t\t\t\t<div class=\"elementor-widget-container\">\n\t\t\t\t\t\t\t\t\t<p>Air freight is a mode of transportation where fast and secure delivery is paramount. Especially when time is critical, we offer the ideal solutions to deliver your cargo to your destination as quickly as possible. With our private aircraft and experienced teams, we respond to all your air freight needs quickly, reliably, and efficiently.<br \/><br \/>Air transportation is an excellent choice, especially for urgent and sensitive cargo. Prioritizing the safety of your cargo, we meticulously manage every step of airport operations. Thanks to our global flight network, you can reach various destinations worldwide quickly and continue your import\/export operations without disruption. With advanced tracking systems, we can monitor every stage of your shipments and provide you with real-time information, ensuring transparency throughout the process.<br \/><br \/>We maximize the speed of air transportation and maximize your transportation efficiency. We also offer all necessary insurance services and customs support to minimize any risks that may arise during transportation. By consolidating all your air transportation logistics needs under one roof, we offer solutions that save you time and optimize your costs.<\/p>\t\t\t\t\t\t\t\t<\/div>\n\t\t\t\t<\/div>\n\t\t\t\t<\/div>\n\t\t\t\t\t<\/div>\n\t\t\t\t<\/div>\n\t\t\t\t<\/div>","protected":false},"excerpt":{"rendered":"<p>Hava yolu ta\u015f\u0131mac\u0131l\u0131\u011f\u0131, h\u0131zl\u0131 ve g\u00fcvenli teslimat\u0131n \u00f6n planda oldu\u011fu bir ula\u015f\u0131m \u015feklidir. \u00d6zellikle zaman\u0131n kritik oldu\u011fu durumlarda, y\u00fcklerinizi en k\u0131sa s\u00fcrede hedefinize ula\u015ft\u0131rmak i\u00e7in en ideal \u00e7\u00f6z\u00fcmleri sunuyoruz. \u00d6zmal u\u00e7aklar\u0131m\u0131z ve deneyimli ekiplerimizle, t\u00fcm hava ta\u015f\u0131mac\u0131l\u0131\u011f\u0131 ihtiya\u00e7lar\u0131n\u0131za h\u0131zl\u0131, g\u00fcvenilir ve&#8230;<\/p>","protected":false},"author":1,"featured_media":11018,"parent":11348,"menu_order":0,"comment_status":"closed","ping_status":"closed","template":"","meta":{"inline_featured_image":false,"footnotes":""},"class_list":["post-11147","page","type-page","status-publish","has-post-thumbnail","hentry"],"aioseo_notices":[],"_links":{"self":[{"href":"https:\/\/dexcoglobal.com\/en\/wp-json\/wp\/v2\/pages\/11147","targetHints":{"allow":["GET"]}}],"collection":[{"href":"https:\/\/dexcoglobal.com\/en\/wp-json\/wp\/v2\/pages"}],"about":[{"href":"https:\/\/dexcoglobal.com\/en\/wp-json\/wp\/v2\/types\/page"}],"author":[{"embeddable":true,"href":"https:\/\/dexcoglobal.com\/en\/wp-json\/wp\/v2\/users\/1"}],"replies":[{"embeddable":true,"href":"https:\/\/dexcoglobal.com\/en\/wp-json\/wp\/v2\/comments?post=11147"}],"version-history":[{"count":15,"href":"https:\/\/dexcoglobal.com\/en\/wp-json\/wp\/v2\/pages\/11147\/revisions"}],"predecessor-version":[{"id":11323,"href":"https:\/\/dexcoglobal.com\/en\/wp-json\/wp\/v2\/pages\/11147\/revisions\/11323"}],"up":[{"embeddable":true,"href":"https:\/\/dexcoglobal.com\/en\/wp-json\/wp\/v2\/pages\/11348"}],"wp:featuredmedia":[{"embeddable":true,"href":"https:\/\/dexcoglobal.com\/en\/wp-json\/wp\/v2\/media\/11018"}],"wp:attachment":[{"href":"https:\/\/dexcoglobal.com\/en\/wp-json\/wp\/v2\/media?parent=11147"}],"curies":[{"name":"wp","href":"https:\/\/api.w.org\/{rel}","templated":true}]}}