{"id":82,"date":"2024-02-28T00:23:35","date_gmt":"2024-02-28T00:23:35","guid":{"rendered":"https:\/\/demo.artureanec.com\/themes\/logico-rounded\/?page_id=82"},"modified":"2025-09-24T09:59:33","modified_gmt":"2025-09-24T06:59:33","slug":"hakkimizda","status":"publish","type":"page","link":"https:\/\/dexcoglobal.com\/de\/hakkimizda\/","title":{"rendered":"\u00dcber uns"},"content":{"rendered":"<div data-elementor-type=\"wp-page\" data-elementor-id=\"82\" class=\"elementor elementor-82\">\n\t\t\t\t<div class=\"elementor-element elementor-element-d3a16c6 e-flex e-con-boxed cut-corner-no sticky-container-off e-con e-parent\" data-id=\"d3a16c6\" data-element_type=\"container\" data-e-type=\"container\">\n\t\t\t\t\t<div class=\"e-con-inner\">\n\t\t\t\t<div class=\"elementor-element elementor-element-b54aa89 elementor-widget elementor-widget-logico_heading\" data-id=\"b54aa89\" data-element_type=\"widget\" data-e-type=\"widget\" data-widget_type=\"logico_heading.default\">\n\t\t\t\t<div class=\"elementor-widget-container\">\n\t\t\t\t\t<h2 class=\"logico-title\">Wer sind wir?\n<\/h2>\t\t\t\t<\/div>\n\t\t\t\t<\/div>\n\t\t\t\t\t<\/div>\n\t\t\t\t<\/div>\n\t\t<div class=\"elementor-element elementor-element-419c694 e-flex e-con-boxed cut-corner-no sticky-container-off e-con e-parent\" data-id=\"419c694\" data-element_type=\"container\" data-e-type=\"container\">\n\t\t\t\t\t<div class=\"e-con-inner\">\n\t\t<div class=\"elementor-element elementor-element-d25bddb e-flex e-con-boxed cut-corner-no sticky-container-off e-con e-child\" data-id=\"d25bddb\" data-element_type=\"container\" data-e-type=\"container\">\n\t\t\t\t\t<div class=\"e-con-inner\">\n\t\t\t\t<div class=\"elementor-element elementor-element-cd2557c elementor-widget elementor-widget-text-editor\" data-id=\"cd2557c\" data-element_type=\"widget\" data-e-type=\"widget\" data-widget_type=\"text-editor.default\">\n\t\t\t\t<div class=\"elementor-widget-container\">\n\t\t\t\t\t\t\t\t\t<p>Gegr\u00fcndet 2021\u00a0<strong>Dexco Global Lojistik A.\u015e. <\/strong>Als Unternehmen bieten wir \u00fcber unsere Niederlassungen im Zentrum von Izmir und Istanbul, DE-Kupferzell, BG-Sofia und GR-Thessaloniki Land-, See-, Luft- und intermodale Transportdienste an.\u00a0<strong>schnelle, zuverl\u00e4ssige und innovative L\u00f6sungen<\/strong>\u00a0wir bieten.<\/p><p>Dank unserer gro\u00dfen Flotte vollst\u00e4ndig eigener, mit Markisen ausgestatteter Megafahrzeuge, unseres Expertenteams und unseres internationalen Logistiknetzwerks k\u00f6nnen wir Ihre Fracht an jeden beliebigen Ort der Welt liefern.\u00a0<strong>p\u00fcnktlich und sicher<\/strong>\u00a0wir liefern.<\/p><p>Wir legen gr\u00f6\u00dften Wert auf Kundenzufriedenheit, operative Exzellenz und nachhaltige Logistik und verwalten alle Prozesse vom Transport bis zur Zollabfertigung und Lagerhaltung.\u00a0<strong>unter einem Dach<\/strong>\u00a0wir schaffen es.<\/p><p>Als Dexco Global Logistics transportieren wir nicht nur Fracht; wir bieten auch\u00a0<strong>Wert, Vertrauen und Geschwindigkeit<\/strong>\u00a0wir tragen.<\/p>\t\t\t\t\t\t\t\t<\/div>\n\t\t\t\t<\/div>\n\t\t\t\t\t<\/div>\n\t\t\t\t<\/div>\n\t\t\t\t\t<\/div>\n\t\t\t\t<\/div>\n\t\t<div class=\"elementor-element elementor-element-bb1473b e-flex e-con-boxed cut-corner-no sticky-container-off e-con e-parent\" data-id=\"bb1473b\" data-element_type=\"container\" data-e-type=\"container\">\n\t\t\t\t\t<div class=\"e-con-inner\">\n\t\t\t\t<div class=\"elementor-element elementor-element-2bdce6b elementor-widget elementor-widget-image\" data-id=\"2bdce6b\" data-element_type=\"widget\" data-e-type=\"widget\" data-widget_type=\"image.default\">\n\t\t\t\t<div class=\"elementor-widget-container\">\n\t\t\t\t\t\t\t\t\t\t\t\t\t\t\t<img fetchpriority=\"high\" decoding=\"async\" width=\"2560\" height=\"1492\" src=\"https:\/\/dexcoglobal.com\/wp-content\/uploads\/2025\/09\/hakkimizda-dexco-3-scaled.jpeg\" class=\"attachment-full size-full wp-image-11571\" alt=\"\" \/>\t\t\t\t\t\t\t\t\t\t\t\t\t\t\t<\/div>\n\t\t\t\t<\/div>\n\t\t\t\t\t<\/div>\n\t\t\t\t<\/div>\n\t\t\t\t<\/div>","protected":false},"excerpt":{"rendered":"<p>2021 y\u0131l\u0131nda kurulan\u00a0Dexco Global Lojistik A.\u015e. olarak, \u0130zmir Merkez ve \u0130stanbul, DE-Kupferzell, BG-Sofya ve GR-Selanik\u2019deki \u015fubelerimiz arac\u0131l\u0131\u011f\u0131yla, kara, deniz, hava ve intermodal ta\u015f\u0131mac\u0131l\u0131kta\u00a0h\u0131zl\u0131, g\u00fcvenilir ve yenilik\u00e7i \u00e7\u00f6z\u00fcmler\u00a0sunuyoruz. Tamam\u0131 \u00f6zmal tenteli mega ara\u00e7tan olu\u015fan geni\u015f filomuz, uzman ekibimiz ve uluslararas\u0131 lojistik a\u011f\u0131m\u0131z&#8230;<\/p>","protected":false},"author":1,"featured_media":0,"parent":0,"menu_order":0,"comment_status":"closed","ping_status":"closed","template":"","meta":{"inline_featured_image":false,"footnotes":""},"class_list":["post-82","page","type-page","status-publish","hentry"],"aioseo_notices":[],"_links":{"self":[{"href":"https:\/\/dexcoglobal.com\/de\/wp-json\/wp\/v2\/pages\/82","targetHints":{"allow":["GET"]}}],"collection":[{"href":"https:\/\/dexcoglobal.com\/de\/wp-json\/wp\/v2\/pages"}],"about":[{"href":"https:\/\/dexcoglobal.com\/de\/wp-json\/wp\/v2\/types\/page"}],"author":[{"embeddable":true,"href":"https:\/\/dexcoglobal.com\/de\/wp-json\/wp\/v2\/users\/1"}],"replies":[{"embeddable":true,"href":"https:\/\/dexcoglobal.com\/de\/wp-json\/wp\/v2\/comments?post=82"}],"version-history":[{"count":26,"href":"https:\/\/dexcoglobal.com\/de\/wp-json\/wp\/v2\/pages\/82\/revisions"}],"predecessor-version":[{"id":11574,"href":"https:\/\/dexcoglobal.com\/de\/wp-json\/wp\/v2\/pages\/82\/revisions\/11574"}],"wp:attachment":[{"href":"https:\/\/dexcoglobal.com\/de\/wp-json\/wp\/v2\/media?parent=82"}],"curies":[{"name":"wp","href":"https:\/\/api.w.org\/{rel}","templated":true}]}}