{"id":11438,"date":"2025-09-08T11:11:34","date_gmt":"2025-09-08T08:11:34","guid":{"rendered":"http:\/\/dexcoglobal.com\/?page_id=11438"},"modified":"2025-09-08T11:11:49","modified_gmt":"2025-09-08T08:11:49","slug":"depolama-hizmetleri","status":"publish","type":"page","link":"https:\/\/dexcoglobal.com\/de\/hizmetlerimiz\/depolama-hizmetleri\/","title":{"rendered":"K\u00fchltransporte"},"content":{"rendered":"<div data-elementor-type=\"wp-page\" data-elementor-id=\"11438\" class=\"elementor elementor-11438\">\n\t\t\t\t<div class=\"elementor-element elementor-element-442eede e-flex e-con-boxed cut-corner-no sticky-container-off e-con e-parent\" data-id=\"442eede\" data-element_type=\"container\" data-e-type=\"container\">\n\t\t\t\t\t<div class=\"e-con-inner\">\n\t\t<div class=\"elementor-element elementor-element-a1b58a4 e-con-full e-flex cut-corner-no sticky-container-off e-con e-child\" data-id=\"a1b58a4\" data-element_type=\"container\" data-e-type=\"container\">\n\t\t\t\t<div class=\"elementor-element elementor-element-09db825 elementor-widget elementor-widget-image\" data-id=\"09db825\" data-element_type=\"widget\" data-e-type=\"widget\" data-widget_type=\"image.default\">\n\t\t\t\t<div class=\"elementor-widget-container\">\n\t\t\t\t\t\t\t\t\t\t\t\t\t\t\t<img fetchpriority=\"high\" decoding=\"async\" width=\"800\" height=\"400\" src=\"https:\/\/dexcoglobal.com\/wp-content\/uploads\/2025\/09\/depolama-hizmetleri.jpg\" class=\"attachment-full size-full wp-image-11440\" alt=\"\" \/>\t\t\t\t\t\t\t\t\t\t\t\t\t\t\t<\/div>\n\t\t\t\t<\/div>\n\t\t\t\t<div class=\"elementor-element elementor-element-ea07fb0 elementor-widget elementor-widget-text-editor\" data-id=\"ea07fb0\" data-element_type=\"widget\" data-e-type=\"widget\" data-widget_type=\"text-editor.default\">\n\t\t\t\t<div class=\"elementor-widget-container\">\n\t\t\t\t\t\t\t\t\t<p>DEXCO Global Logistics bietet flexible und integrierte L\u00f6sungen f\u00fcr nationale und internationale Lagerdienstleistungen. Dabei nutzen wir unser umfangreiches Lagernetzwerk, fortschrittliche Lagertechnologien und unsere Bestandsverwaltungsfunktionen. Wir sorgen f\u00fcr die sichere Lagerung Ihrer Produkte und gew\u00e4hrleisten eine schnelle Lieferung an Ihre Kunden. Wir bieten spezialisierte L\u00f6sungen f\u00fcr die Lageranforderungen verschiedenster Branchen, darunter die Ersatzteil-, Textil-, Elektronik- und Automobilindustrie.<\/p><p>Wir bieten ma\u00dfgeschneiderte L\u00f6sungen f\u00fcr verschiedene Branchen und Kundenbed\u00fcrfnisse. Ob einfach oder komplex, gro\u00df oder klein \u2013 wir managen die Lieferkette und Lagerhaltung jedes Unternehmens, mit dem wir zusammenarbeiten, mit gr\u00f6\u00dfter Sorgfalt und Verantwortung. Wir kombinieren unsere Branchenexpertise mit f\u00fchrenden Technologien, um Ihre Kosten zu senken und Ihnen die effizientesten und hochwertigsten Lagerdienstleistungen zu bieten \u2013 unter optimaler Nutzung von Platz, Ressourcen und Arbeitskr\u00e4ften.<\/p><p>Wenn Sie dedizierten Lagerraum ben\u00f6tigen, Ihre Produkte aber kein komplettes Lager f\u00fcllen, k\u00f6nnen Sie unsere Mehrbenutzer-Lagerl\u00f6sungen nutzen. Mit dieser L\u00f6sung lagern wir Ihre Produkte in dedizierten R\u00e4umen und stellen sicher, dass sie immer einen Platz im Lager haben.<\/p><p>Wir skalieren unsere Lager in Izmir, Istanbul, Thessaloniki (Griechenland) und Kupferzell (Deutschland), sodass Sie sie projektbezogen f\u00fcr den gew\u00fcnschten Zeitraum nutzen k\u00f6nnen. Wir berechnen Ihnen den Platzbedarf in unserem Lager, die Gr\u00f6\u00dfe und Dauer Ihres t\u00e4glichen Bedarfs und lagern Ihre Sendungen sicher.<\/p>\t\t\t\t\t\t\t\t<\/div>\n\t\t\t\t<\/div>\n\t\t\t\t<\/div>\n\t\t\t\t\t<\/div>\n\t\t\t\t<\/div>\n\t\t\t\t<\/div>","protected":false},"excerpt":{"rendered":"<p>DEXCO Global Lojistik olarak, geni\u015f depolama a\u011f\u0131m\u0131z, geli\u015fmi\u015f depolama teknolojilerimiz ve stok y\u00f6netimi kabiliyetimiz ile esnek ve entegre \u00e7\u00f6z\u00fcmlerle yurt i\u00e7i ve yurt d\u0131\u015f\u0131nda depolama hizmetleri sunarak \u00fcr\u00fcnlerinizin g\u00fcvenle depolanmas\u0131n\u0131 sa\u011fl\u0131yoruz ve m\u00fc\u015fterilerinize en k\u0131sa s\u00fcrede ula\u015f\u0131m hizmetini sunuyoruz. Yedek par\u00e7a,&#8230;<\/p>","protected":false},"author":1,"featured_media":11018,"parent":11348,"menu_order":0,"comment_status":"closed","ping_status":"closed","template":"","meta":{"inline_featured_image":false,"footnotes":""},"class_list":["post-11438","page","type-page","status-publish","has-post-thumbnail","hentry"],"aioseo_notices":[],"_links":{"self":[{"href":"https:\/\/dexcoglobal.com\/de\/wp-json\/wp\/v2\/pages\/11438","targetHints":{"allow":["GET"]}}],"collection":[{"href":"https:\/\/dexcoglobal.com\/de\/wp-json\/wp\/v2\/pages"}],"about":[{"href":"https:\/\/dexcoglobal.com\/de\/wp-json\/wp\/v2\/types\/page"}],"author":[{"embeddable":true,"href":"https:\/\/dexcoglobal.com\/de\/wp-json\/wp\/v2\/users\/1"}],"replies":[{"embeddable":true,"href":"https:\/\/dexcoglobal.com\/de\/wp-json\/wp\/v2\/comments?post=11438"}],"version-history":[{"count":4,"href":"https:\/\/dexcoglobal.com\/de\/wp-json\/wp\/v2\/pages\/11438\/revisions"}],"predecessor-version":[{"id":11443,"href":"https:\/\/dexcoglobal.com\/de\/wp-json\/wp\/v2\/pages\/11438\/revisions\/11443"}],"up":[{"embeddable":true,"href":"https:\/\/dexcoglobal.com\/de\/wp-json\/wp\/v2\/pages\/11348"}],"wp:featuredmedia":[{"embeddable":true,"href":"https:\/\/dexcoglobal.com\/de\/wp-json\/wp\/v2\/media\/11018"}],"wp:attachment":[{"href":"https:\/\/dexcoglobal.com\/de\/wp-json\/wp\/v2\/media?parent=11438"}],"curies":[{"name":"wp","href":"https:\/\/api.w.org\/{rel}","templated":true}]}}