{"id":11432,"date":"2025-09-08T11:08:47","date_gmt":"2025-09-08T08:08:47","guid":{"rendered":"http:\/\/dexcoglobal.com\/?page_id=11432"},"modified":"2025-09-08T11:09:53","modified_gmt":"2025-09-08T08:09:53","slug":"gabari-disi-tasimaciligi","status":"publish","type":"page","link":"https:\/\/dexcoglobal.com\/de\/hizmetlerimiz\/gabari-disi-tasimaciligi\/","title":{"rendered":"Transport von \u00dcbergr\u00f6\u00dfen"},"content":{"rendered":"<div data-elementor-type=\"wp-page\" data-elementor-id=\"11432\" class=\"elementor elementor-11432\">\n\t\t\t\t<div class=\"elementor-element elementor-element-442eede e-flex e-con-boxed cut-corner-no sticky-container-off e-con e-parent\" data-id=\"442eede\" data-element_type=\"container\" data-e-type=\"container\">\n\t\t\t\t\t<div class=\"e-con-inner\">\n\t\t<div class=\"elementor-element elementor-element-a1b58a4 e-con-full e-flex cut-corner-no sticky-container-off e-con e-child\" data-id=\"a1b58a4\" data-element_type=\"container\" data-e-type=\"container\">\n\t\t\t\t<div class=\"elementor-element elementor-element-09db825 elementor-widget elementor-widget-image\" data-id=\"09db825\" data-element_type=\"widget\" data-e-type=\"widget\" data-widget_type=\"image.default\">\n\t\t\t\t<div class=\"elementor-widget-container\">\n\t\t\t\t\t\t\t\t\t\t\t\t\t\t\t<img fetchpriority=\"high\" decoding=\"async\" width=\"800\" height=\"400\" src=\"https:\/\/dexcoglobal.com\/wp-content\/uploads\/2025\/09\/gabari-disi-tasimaciligi.jpg\" class=\"attachment-full size-full wp-image-11434\" alt=\"\" \/>\t\t\t\t\t\t\t\t\t\t\t\t\t\t\t<\/div>\n\t\t\t\t<\/div>\n\t\t\t\t<div class=\"elementor-element elementor-element-ea07fb0 elementor-widget elementor-widget-text-editor\" data-id=\"ea07fb0\" data-element_type=\"widget\" data-e-type=\"widget\" data-widget_type=\"text-editor.default\">\n\t\t\t\t<div class=\"elementor-widget-container\">\n\t\t\t\t\t\t\t\t\t<p>DEXCO Global Logistics ist ein Logistikl\u00f6sungspartner, der sich auf den Transport schwerer und sperriger G\u00fcter \u00fcber Standardma\u00dfe spezialisiert hat. Mit unserem erfahrenen Team und unserem robusten Fuhrpark bringen wir Ihre Fracht sicher, schnell und termingerecht ans Ziel.<\/p><p>\u00dcbergro\u00dfe Transporte: Ladungen, die aufgrund ihres Gewichts und ihrer Abmessungen nicht den Standardtransportvorschriften entsprechen, wie z. B. Baumaschinen und Anlagenausr\u00fcstung, werden professionell mit Tiefladern, Pritschenwagen und\/oder Spezialfahrzeugen transportiert. Dabei werden Sondergenehmigungen und eine entsprechende Routenplanung ben\u00f6tigt. Die Logistikanforderungen von Gro\u00dfprojekten wie Fabriken, Kraftwerken, Baumaschinen und Anlagen werden von Anfang bis Ende geplant und verwaltet. F\u00fcr jedes Projekt wird eine ma\u00dfgeschneiderte Logistikplanung und operative Unterst\u00fctzung bereitgestellt.<\/p><p>\u00dcbergro\u00dfe Transporte stellen im Gegensatz zu Standardtransporten komplexere und speziellere Anforderungen. Daher bilden Fragen wie die einzusetzende Ausr\u00fcstung basierend auf den Abmessungen und dem Gewicht der zu transportierenden Ladung, die geeignete Sicherungsmethode f\u00fcr die Ladung sowie die sicherste, schnellste und kosteng\u00fcnstigste Route die Grundlage unserer Arbeit.<\/p><p>F\u00fcr den Transport von Gro\u00dfraumfahrzeugen gelten spezifische Vorschriften und Genehmigungen, die von den nationalen Gesetzgebern, Verkehrsministerien und den zust\u00e4ndigen Beh\u00f6rden der einzelnen L\u00e4nder festgelegt werden. Diese Vorschriften regeln festgelegte Routen, Fahrzeiten und andere wichtige Bedingungen.<\/p><p>Mit unserem \u00dcberma\u00dftransportservice meistern wir die logistischen Herausforderungen Ihrer Gro\u00dfprojekte. Unser Expertenteam bietet sichere, ma\u00dfgeschneiderte L\u00f6sungen f\u00fcr den Erfolg Ihrer Projekte. Als Ihr zuverl\u00e4ssiger L\u00f6sungspartner begleiten wir Sie Schritt f\u00fcr Schritt.<\/p>\t\t\t\t\t\t\t\t<\/div>\n\t\t\t\t<\/div>\n\t\t\t\t<\/div>\n\t\t\t\t\t<\/div>\n\t\t\t\t<\/div>\n\t\t\t\t<\/div>","protected":false},"excerpt":{"rendered":"<p>DEXCO Global Lojistik, standart \u00f6l\u00e7\u00fclerin d\u0131\u015f\u0131nda kalan a\u011f\u0131r ve hacimli y\u00fcklerin ta\u015f\u0131nmas\u0131nda uzmanla\u015fm\u0131\u015f bir lojistik \u00e7\u00f6z\u00fcm orta\u011f\u0131d\u0131r. Deneyimli ekibimiz ve g\u00fc\u00e7l\u00fc ara\u00e7 filomuz ile y\u00fcklerinizi g\u00fcvenli, h\u0131zl\u0131 ve planl\u0131 bir \u015fekilde hedef noktalara ula\u015ft\u0131r\u0131yoruz. Gabari D\u0131\u015f\u0131 Ta\u015f\u0131mac\u0131l\u0131k; A\u011f\u0131rl\u0131k ve \u00f6l\u00e7\u00fcleri itibar\u0131yla&#8230;<\/p>","protected":false},"author":1,"featured_media":0,"parent":11348,"menu_order":0,"comment_status":"closed","ping_status":"closed","template":"","meta":{"inline_featured_image":false,"footnotes":""},"class_list":["post-11432","page","type-page","status-publish","hentry"],"aioseo_notices":[],"_links":{"self":[{"href":"https:\/\/dexcoglobal.com\/de\/wp-json\/wp\/v2\/pages\/11432","targetHints":{"allow":["GET"]}}],"collection":[{"href":"https:\/\/dexcoglobal.com\/de\/wp-json\/wp\/v2\/pages"}],"about":[{"href":"https:\/\/dexcoglobal.com\/de\/wp-json\/wp\/v2\/types\/page"}],"author":[{"embeddable":true,"href":"https:\/\/dexcoglobal.com\/de\/wp-json\/wp\/v2\/users\/1"}],"replies":[{"embeddable":true,"href":"https:\/\/dexcoglobal.com\/de\/wp-json\/wp\/v2\/comments?post=11432"}],"version-history":[{"count":4,"href":"https:\/\/dexcoglobal.com\/de\/wp-json\/wp\/v2\/pages\/11432\/revisions"}],"predecessor-version":[{"id":11437,"href":"https:\/\/dexcoglobal.com\/de\/wp-json\/wp\/v2\/pages\/11432\/revisions\/11437"}],"up":[{"embeddable":true,"href":"https:\/\/dexcoglobal.com\/de\/wp-json\/wp\/v2\/pages\/11348"}],"wp:attachment":[{"href":"https:\/\/dexcoglobal.com\/de\/wp-json\/wp\/v2\/media?parent=11432"}],"curies":[{"name":"wp","href":"https:\/\/api.w.org\/{rel}","templated":true}]}}