{"id":11424,"date":"2025-09-08T11:06:29","date_gmt":"2025-09-08T08:06:29","guid":{"rendered":"http:\/\/dexcoglobal.com\/?page_id=11424"},"modified":"2025-09-08T11:08:13","modified_gmt":"2025-09-08T08:08:13","slug":"frigo-tasimaciligi","status":"publish","type":"page","link":"https:\/\/dexcoglobal.com\/de\/hizmetlerimiz\/frigo-tasimaciligi\/","title":{"rendered":"K\u00fchltransporte"},"content":{"rendered":"<div data-elementor-type=\"wp-page\" data-elementor-id=\"11424\" class=\"elementor elementor-11424\">\n\t\t\t\t<div class=\"elementor-element elementor-element-442eede e-flex e-con-boxed cut-corner-no sticky-container-off e-con e-parent\" data-id=\"442eede\" data-element_type=\"container\" data-e-type=\"container\">\n\t\t\t\t\t<div class=\"e-con-inner\">\n\t\t<div class=\"elementor-element elementor-element-a1b58a4 e-con-full e-flex cut-corner-no sticky-container-off e-con e-child\" data-id=\"a1b58a4\" data-element_type=\"container\" data-e-type=\"container\">\n\t\t\t\t<div class=\"elementor-element elementor-element-09db825 elementor-widget elementor-widget-image\" data-id=\"09db825\" data-element_type=\"widget\" data-e-type=\"widget\" data-widget_type=\"image.default\">\n\t\t\t\t<div class=\"elementor-widget-container\">\n\t\t\t\t\t\t\t\t\t\t\t\t\t\t\t<img fetchpriority=\"high\" decoding=\"async\" width=\"800\" height=\"400\" src=\"https:\/\/dexcoglobal.com\/wp-content\/uploads\/2025\/09\/frigo-tasimaciligi-gorsel.jpg\" class=\"attachment-full size-full wp-image-11426\" alt=\"\" \/>\t\t\t\t\t\t\t\t\t\t\t\t\t\t\t<\/div>\n\t\t\t\t<\/div>\n\t\t\t\t<div class=\"elementor-element elementor-element-ea07fb0 elementor-widget elementor-widget-text-editor\" data-id=\"ea07fb0\" data-element_type=\"widget\" data-e-type=\"widget\" data-widget_type=\"text-editor.default\">\n\t\t\t\t<div class=\"elementor-widget-container\">\n\t\t\t\t\t\t\t\t\t<p>K\u00fchltransporte, auch Reefer genannt, sind spezielle Transportsysteme, die die Qualit\u00e4t und Sicherheit von Produkten gew\u00e4hrleisten, die eine bestimmte Temperatur erfordern. Sie eignen sich besonders f\u00fcr den Transport empfindlicher Produkte wie Lebensmittel, medizinisches Material und biologisches Material, die verderblich sind und eine Temperaturkontrolle innerhalb eines bestimmten Bereichs erfordern. Es handelt sich um eine logistische Transportmethode, die darauf abzielt, die Qualit\u00e4t und Sicherheit solcher Produkte w\u00e4hrend des Transports zu gew\u00e4hrleisten.<\/p><p>K\u00fchltransport ist der allgemeine Begriff f\u00fcr den Transport von Lebensmitteln, Medikamenten, Chemikalien und \u00e4hnlichen Produkten unter Einhaltung der K\u00fchlkettenvorschriften, um deren Unversehrtheit zu gew\u00e4hrleisten. Diese Fahrzeuge sind unerl\u00e4sslich, um den Verbrauchern gesunde und unversehrte Lebensmittel zu liefern. Auch der Transport von Medikamenten, frischem Obst und Gem\u00fcse sowie frischen Blumen \u00fcber weite Strecken ist entscheidend, damit diese nicht verderben.<\/p><p>K\u00fchltransporte werden mit speziell ausger\u00fcsteten Fahrzeugen durchgef\u00fchrt, die mit K\u00fchlaggregaten ausgestattet sind, die auf Temperaturen von -18 bis -26 Grad Celsius eingestellt werden k\u00f6nnen. Diese Transportart wird auch als K\u00fchlkettentransport, gek\u00fchlter Lebensmitteltransport oder K\u00fchltransport bezeichnet. Bei diesem Transportsystem m\u00fcssen die Fahrzeuge w\u00e4hrend des gesamten Prozesses auf einer konstanten Temperatur gehalten und gewartet werden.<\/p>\t\t\t\t\t\t\t\t<\/div>\n\t\t\t\t<\/div>\n\t\t\t\t<\/div>\n\t\t\t\t\t<\/div>\n\t\t\t\t<\/div>\n\t\t\t\t<\/div>","protected":false},"excerpt":{"rendered":"<p>Reefer olarak da bilinen Frigo Ta\u015f\u0131mac\u0131l\u0131k, belli bir \u0131s\u0131 d\u00fczeyinde korunmas\u0131 gereken \u00fcr\u00fcnlerin kalitesini ve g\u00fcvenli\u011fini korumak i\u00e7in kullan\u0131lan \u00f6zel bir ta\u015f\u0131ma sistemidir. \u00d6zellikle kolay bozulabilen, s\u0131cakl\u0131\u011f\u0131 belirli bir aral\u0131kta tutulmas\u0131 gereken g\u0131da, t\u0131bbi malzeme, biyolojik materyaller gibi hassas \u00fcr\u00fcnlerin ta\u015f\u0131nmas\u0131nda&#8230;<\/p>","protected":false},"author":1,"featured_media":0,"parent":11348,"menu_order":0,"comment_status":"closed","ping_status":"closed","template":"","meta":{"inline_featured_image":false,"footnotes":""},"class_list":["post-11424","page","type-page","status-publish","hentry"],"aioseo_notices":[],"_links":{"self":[{"href":"https:\/\/dexcoglobal.com\/de\/wp-json\/wp\/v2\/pages\/11424","targetHints":{"allow":["GET"]}}],"collection":[{"href":"https:\/\/dexcoglobal.com\/de\/wp-json\/wp\/v2\/pages"}],"about":[{"href":"https:\/\/dexcoglobal.com\/de\/wp-json\/wp\/v2\/types\/page"}],"author":[{"embeddable":true,"href":"https:\/\/dexcoglobal.com\/de\/wp-json\/wp\/v2\/users\/1"}],"replies":[{"embeddable":true,"href":"https:\/\/dexcoglobal.com\/de\/wp-json\/wp\/v2\/comments?post=11424"}],"version-history":[{"count":5,"href":"https:\/\/dexcoglobal.com\/de\/wp-json\/wp\/v2\/pages\/11424\/revisions"}],"predecessor-version":[{"id":11431,"href":"https:\/\/dexcoglobal.com\/de\/wp-json\/wp\/v2\/pages\/11424\/revisions\/11431"}],"up":[{"embeddable":true,"href":"https:\/\/dexcoglobal.com\/de\/wp-json\/wp\/v2\/pages\/11348"}],"wp:attachment":[{"href":"https:\/\/dexcoglobal.com\/de\/wp-json\/wp\/v2\/media?parent=11424"}],"curies":[{"name":"wp","href":"https:\/\/api.w.org\/{rel}","templated":true}]}}