{"id":11182,"date":"2025-08-21T02:31:03","date_gmt":"2025-08-20T23:31:03","guid":{"rendered":"http:\/\/dexcoglobal.com\/?page_id=11182"},"modified":"2025-09-07T14:59:53","modified_gmt":"2025-09-07T11:59:53","slug":"deniz-yolu-tasimaciligi","status":"publish","type":"page","link":"https:\/\/dexcoglobal.com\/de\/hizmetlerimiz\/deniz-yolu-tasimaciligi\/","title":{"rendered":"Seetransport"},"content":{"rendered":"<div data-elementor-type=\"wp-page\" data-elementor-id=\"11182\" class=\"elementor elementor-11182\">\n\t\t\t\t<div class=\"elementor-element elementor-element-442eede e-flex e-con-boxed cut-corner-no sticky-container-off e-con e-parent\" data-id=\"442eede\" data-element_type=\"container\" data-e-type=\"container\">\n\t\t\t\t\t<div class=\"e-con-inner\">\n\t\t<div class=\"elementor-element elementor-element-a1b58a4 e-con-full e-flex cut-corner-no sticky-container-off e-con e-child\" data-id=\"a1b58a4\" data-element_type=\"container\" data-e-type=\"container\">\n\t\t\t\t<div class=\"elementor-element elementor-element-09db825 elementor-widget elementor-widget-image\" data-id=\"09db825\" data-element_type=\"widget\" data-e-type=\"widget\" data-widget_type=\"image.default\">\n\t\t\t\t<div class=\"elementor-widget-container\">\n\t\t\t\t\t\t\t\t\t\t\t\t\t\t\t<img fetchpriority=\"high\" decoding=\"async\" width=\"1920\" height=\"1067\" src=\"https:\/\/dexcoglobal.com\/wp-content\/uploads\/2025\/08\/08-05-2017_4436_denizyolu-tasimaciligi.jpg\" class=\"attachment-full size-full wp-image-11184\" alt=\"\" \/>\t\t\t\t\t\t\t\t\t\t\t\t\t\t\t<\/div>\n\t\t\t\t<\/div>\n\t\t\t\t<div class=\"elementor-element elementor-element-ea07fb0 elementor-widget elementor-widget-text-editor\" data-id=\"ea07fb0\" data-element_type=\"widget\" data-e-type=\"widget\" data-widget_type=\"text-editor.default\">\n\t\t\t\t<div class=\"elementor-widget-container\">\n\t\t\t\t\t\t\t\t\t<p>Der Seetransport ist das R\u00fcckgrat des Welthandels und erfreut sich zunehmender Beliebtheit. Er bietet die ideale M\u00f6glichkeit f\u00fcr den wirtschaftlichen und sicheren Transport gro\u00dfer, insbesondere sperriger G\u00fcter. Mit unserer privaten Schiffsflotte und erfahrenen Crews bringen wir Ihre Fracht p\u00fcnktlich und problemlos ans Ziel.<br \/><br \/>Seefracht ist nicht nur eine kosteng\u00fcnstige, sondern auch eine umweltfreundliche Transportmethode. Unsere Schiffe, die gro\u00dfe Entfernungen mit hoher Tonnage zur\u00fccklegen k\u00f6nnen, bilden ein weltweites Logistiknetzwerk und verschaffen Ihnen einen globalen Vorteil bei Ihren Import- und Exportgesch\u00e4ften. Wir bieten flexible L\u00f6sungen f\u00fcr alle Ihre Seefrachtbed\u00fcrfnisse und managen alle Prozesse auf effiziente Weise.<br \/><br \/>Kundenzufriedenheit steht bei uns an erster Stelle. Daher nutzen wir kontinuierlich die neuesten Technologien, um sichere und schnelle Lieferungen zu gew\u00e4hrleisten. Wir halten w\u00e4hrend des gesamten Seetransports Ihrer Fracht h\u00f6chste Sicherheitsstandards ein und bieten transparente Berichte \u00fcber alle operativen Schritte. Wir optimieren Ihre Logistikprozesse mit zus\u00e4tzlichen Dienstleistungen wie Transport, Lagerung, Zollabfertigung und Versicherung.<\/p>\t\t\t\t\t\t\t\t<\/div>\n\t\t\t\t<\/div>\n\t\t\t\t<\/div>\n\t\t\t\t\t<\/div>\n\t\t\t\t<\/div>\n\t\t\t\t<\/div>","protected":false},"excerpt":{"rendered":"<p>Deniz yolu ta\u015f\u0131mac\u0131l\u0131\u011f\u0131, d\u00fcnya genelindeki ticaretin belkemi\u011fidir ve her ge\u00e7en g\u00fcn daha fazla tercih edilen bir ula\u015f\u0131m \u015feklidir. \u00d6zellikle b\u00fcy\u00fck hacimli y\u00fcklerin ekonomik ve g\u00fcvenli bir \u015fekilde ta\u015f\u0131nmas\u0131 i\u00e7in ideal bir se\u00e7enek sunar. \u00d6zmal gemi filosu ve deneyimli ekiplerimizle, y\u00fcklerinizi denizler&#8230;<\/p>","protected":false},"author":1,"featured_media":11018,"parent":11348,"menu_order":0,"comment_status":"closed","ping_status":"closed","template":"","meta":{"inline_featured_image":false,"footnotes":""},"class_list":["post-11182","page","type-page","status-publish","has-post-thumbnail","hentry"],"aioseo_notices":[],"_links":{"self":[{"href":"https:\/\/dexcoglobal.com\/de\/wp-json\/wp\/v2\/pages\/11182","targetHints":{"allow":["GET"]}}],"collection":[{"href":"https:\/\/dexcoglobal.com\/de\/wp-json\/wp\/v2\/pages"}],"about":[{"href":"https:\/\/dexcoglobal.com\/de\/wp-json\/wp\/v2\/types\/page"}],"author":[{"embeddable":true,"href":"https:\/\/dexcoglobal.com\/de\/wp-json\/wp\/v2\/users\/1"}],"replies":[{"embeddable":true,"href":"https:\/\/dexcoglobal.com\/de\/wp-json\/wp\/v2\/comments?post=11182"}],"version-history":[{"count":7,"href":"https:\/\/dexcoglobal.com\/de\/wp-json\/wp\/v2\/pages\/11182\/revisions"}],"predecessor-version":[{"id":11326,"href":"https:\/\/dexcoglobal.com\/de\/wp-json\/wp\/v2\/pages\/11182\/revisions\/11326"}],"up":[{"embeddable":true,"href":"https:\/\/dexcoglobal.com\/de\/wp-json\/wp\/v2\/pages\/11348"}],"wp:featuredmedia":[{"embeddable":true,"href":"https:\/\/dexcoglobal.com\/de\/wp-json\/wp\/v2\/media\/11018"}],"wp:attachment":[{"href":"https:\/\/dexcoglobal.com\/de\/wp-json\/wp\/v2\/media?parent=11182"}],"curies":[{"name":"wp","href":"https:\/\/api.w.org\/{rel}","templated":true}]}}