{"id":11147,"date":"2025-08-21T02:26:49","date_gmt":"2025-08-20T23:26:49","guid":{"rendered":"http:\/\/dexcoglobal.com\/?page_id=11147"},"modified":"2025-09-07T15:00:26","modified_gmt":"2025-09-07T12:00:26","slug":"hava-yolu-tasimaciligi","status":"publish","type":"page","link":"https:\/\/dexcoglobal.com\/de\/hizmetlerimiz\/hava-yolu-tasimaciligi\/","title":{"rendered":"Lufttransport"},"content":{"rendered":"<div data-elementor-type=\"wp-page\" data-elementor-id=\"11147\" class=\"elementor elementor-11147\">\n\t\t\t\t<div class=\"elementor-element elementor-element-442eede e-flex e-con-boxed cut-corner-no sticky-container-off e-con e-parent\" data-id=\"442eede\" data-element_type=\"container\" data-e-type=\"container\">\n\t\t\t\t\t<div class=\"e-con-inner\">\n\t\t<div class=\"elementor-element elementor-element-a1b58a4 e-con-full e-flex cut-corner-no sticky-container-off e-con e-child\" data-id=\"a1b58a4\" data-element_type=\"container\" data-e-type=\"container\">\n\t\t\t\t<div class=\"elementor-element elementor-element-09db825 elementor-widget elementor-widget-image\" data-id=\"09db825\" data-element_type=\"widget\" data-e-type=\"widget\" data-widget_type=\"image.default\">\n\t\t\t\t<div class=\"elementor-widget-container\">\n\t\t\t\t\t\t\t\t\t\t\t\t\t\t\t<img fetchpriority=\"high\" decoding=\"async\" width=\"1600\" height=\"900\" src=\"https:\/\/dexcoglobal.com\/wp-content\/uploads\/2025\/08\/HavaYolu-3.jpg\" class=\"attachment-full size-full wp-image-11173\" alt=\"\" \/>\t\t\t\t\t\t\t\t\t\t\t\t\t\t\t<\/div>\n\t\t\t\t<\/div>\n\t\t\t\t<div class=\"elementor-element elementor-element-ea07fb0 elementor-widget elementor-widget-text-editor\" data-id=\"ea07fb0\" data-element_type=\"widget\" data-e-type=\"widget\" data-widget_type=\"text-editor.default\">\n\t\t\t\t<div class=\"elementor-widget-container\">\n\t\t\t\t\t\t\t\t\t<p>Luftfracht ist ein Transportmittel, bei dem eine schnelle und sichere Lieferung von gr\u00f6\u00dfter Bedeutung ist. Gerade wenn es auf die Zeit ankommt, bieten wir die idealen L\u00f6sungen, um Ihre Fracht so schnell wie m\u00f6glich an Ihr Ziel zu bringen. Mit unseren Privatflugzeugen und erfahrenen Teams reagieren wir schnell, zuverl\u00e4ssig und effizient auf alle Ihre Luftfrachtanforderungen.<br \/><br \/>Der Lufttransport ist eine ausgezeichnete Wahl, insbesondere f\u00fcr dringende und sensible Fracht. Da die Sicherheit Ihrer Fracht oberste Priorit\u00e4t hat, k\u00fcmmern wir uns sorgf\u00e4ltig um jeden Schritt des Flughafenbetriebs. Dank unseres globalen Flugnetzes erreichen Sie schnell verschiedene Ziele weltweit und k\u00f6nnen Ihre Import-\/Exportvorg\u00e4nge ohne Unterbrechung fortsetzen. Mit fortschrittlichen Trackingsystemen k\u00f6nnen wir jeden Schritt Ihrer Sendungen \u00fcberwachen und Ihnen Echtzeitinformationen liefern, um Transparenz w\u00e4hrend des gesamten Prozesses zu gew\u00e4hrleisten.<br \/><br \/>Wir maximieren die Geschwindigkeit Ihres Lufttransports und Ihre Transporteffizienz. Dar\u00fcber hinaus bieten wir alle notwendigen Versicherungsleistungen und Zollunterst\u00fctzung, um Transportrisiken zu minimieren. Durch die B\u00fcndelung Ihrer gesamten Lufttransportlogistik unter einem Dach bieten wir Ihnen L\u00f6sungen, die Ihnen Zeit sparen und Ihre Kosten optimieren.<\/p>\t\t\t\t\t\t\t\t<\/div>\n\t\t\t\t<\/div>\n\t\t\t\t<\/div>\n\t\t\t\t\t<\/div>\n\t\t\t\t<\/div>\n\t\t\t\t<\/div>","protected":false},"excerpt":{"rendered":"<p>Hava yolu ta\u015f\u0131mac\u0131l\u0131\u011f\u0131, h\u0131zl\u0131 ve g\u00fcvenli teslimat\u0131n \u00f6n planda oldu\u011fu bir ula\u015f\u0131m \u015feklidir. \u00d6zellikle zaman\u0131n kritik oldu\u011fu durumlarda, y\u00fcklerinizi en k\u0131sa s\u00fcrede hedefinize ula\u015ft\u0131rmak i\u00e7in en ideal \u00e7\u00f6z\u00fcmleri sunuyoruz. \u00d6zmal u\u00e7aklar\u0131m\u0131z ve deneyimli ekiplerimizle, t\u00fcm hava ta\u015f\u0131mac\u0131l\u0131\u011f\u0131 ihtiya\u00e7lar\u0131n\u0131za h\u0131zl\u0131, g\u00fcvenilir ve&#8230;<\/p>","protected":false},"author":1,"featured_media":11018,"parent":11348,"menu_order":0,"comment_status":"closed","ping_status":"closed","template":"","meta":{"inline_featured_image":false,"footnotes":""},"class_list":["post-11147","page","type-page","status-publish","has-post-thumbnail","hentry"],"aioseo_notices":[],"_links":{"self":[{"href":"https:\/\/dexcoglobal.com\/de\/wp-json\/wp\/v2\/pages\/11147","targetHints":{"allow":["GET"]}}],"collection":[{"href":"https:\/\/dexcoglobal.com\/de\/wp-json\/wp\/v2\/pages"}],"about":[{"href":"https:\/\/dexcoglobal.com\/de\/wp-json\/wp\/v2\/types\/page"}],"author":[{"embeddable":true,"href":"https:\/\/dexcoglobal.com\/de\/wp-json\/wp\/v2\/users\/1"}],"replies":[{"embeddable":true,"href":"https:\/\/dexcoglobal.com\/de\/wp-json\/wp\/v2\/comments?post=11147"}],"version-history":[{"count":15,"href":"https:\/\/dexcoglobal.com\/de\/wp-json\/wp\/v2\/pages\/11147\/revisions"}],"predecessor-version":[{"id":11323,"href":"https:\/\/dexcoglobal.com\/de\/wp-json\/wp\/v2\/pages\/11147\/revisions\/11323"}],"up":[{"embeddable":true,"href":"https:\/\/dexcoglobal.com\/de\/wp-json\/wp\/v2\/pages\/11348"}],"wp:featuredmedia":[{"embeddable":true,"href":"https:\/\/dexcoglobal.com\/de\/wp-json\/wp\/v2\/media\/11018"}],"wp:attachment":[{"href":"https:\/\/dexcoglobal.com\/de\/wp-json\/wp\/v2\/media?parent=11147"}],"curies":[{"name":"wp","href":"https:\/\/api.w.org\/{rel}","templated":true}]}}