{"id":11142,"date":"2025-08-21T02:21:50","date_gmt":"2025-08-20T23:21:50","guid":{"rendered":"http:\/\/dexcoglobal.com\/?page_id=11142"},"modified":"2025-09-07T15:01:28","modified_gmt":"2025-09-07T12:01:28","slug":"minivan-ekspres-tasimaciligi","status":"publish","type":"page","link":"https:\/\/dexcoglobal.com\/de\/hizmetlerimiz\/minivan-ekspres-tasimaciligi\/","title":{"rendered":"Minivan-Express-Transport"},"content":{"rendered":"<div data-elementor-type=\"wp-page\" data-elementor-id=\"11142\" class=\"elementor elementor-11142\">\n\t\t\t\t<div class=\"elementor-element elementor-element-442eede e-flex e-con-boxed cut-corner-no sticky-container-off e-con e-parent\" data-id=\"442eede\" data-element_type=\"container\" data-e-type=\"container\">\n\t\t\t\t\t<div class=\"e-con-inner\">\n\t\t<div class=\"elementor-element elementor-element-a1b58a4 e-con-full e-flex cut-corner-no sticky-container-off e-con e-child\" data-id=\"a1b58a4\" data-element_type=\"container\" data-e-type=\"container\">\n\t\t\t\t<div class=\"elementor-element elementor-element-09db825 elementor-widget elementor-widget-image\" data-id=\"09db825\" data-element_type=\"widget\" data-e-type=\"widget\" data-widget_type=\"image.default\">\n\t\t\t\t<div class=\"elementor-widget-container\">\n\t\t\t\t\t\t\t\t\t\t\t\t\t\t\t<img fetchpriority=\"high\" decoding=\"async\" width=\"800\" height=\"400\" src=\"https:\/\/dexcoglobal.com\/wp-content\/uploads\/2025\/08\/minivan-ekspress-foto.jpg\" class=\"attachment-full size-full wp-image-11154\" alt=\"\" \/>\t\t\t\t\t\t\t\t\t\t\t\t\t\t\t<\/div>\n\t\t\t\t<\/div>\n\t\t\t\t<div class=\"elementor-element elementor-element-ea07fb0 elementor-widget elementor-widget-text-editor\" data-id=\"ea07fb0\" data-element_type=\"widget\" data-e-type=\"widget\" data-widget_type=\"text-editor.default\">\n\t\t\t\t<div class=\"elementor-widget-container\">\n\t\t\t\t\t\t\t\t\t<p>Minivan Express ist die ideale Wahl f\u00fcr alle, die schnelle und zuverl\u00e4ssige Transportl\u00f6sungen suchen. Mit einer Flotte von Minivans, die den schnellen Transport kleiner und mittelgro\u00dfer Ladungen erm\u00f6glichen, bieten wir flexible und wirtschaftliche L\u00f6sungen f\u00fcr alle Ihre Transportbed\u00fcrfnisse. Minivan Express bietet eine hervorragende Option f\u00fcr kurzfristige Transportbed\u00fcrfnisse, insbesondere f\u00fcr dringende Lieferungen, und zeichnet sich durch seine p\u00fcnktliche Liefergarantie aus.<br \/><br \/>Minivan-Express-Transporte bieten nicht nur erhebliche Vorteile f\u00fcr den sicheren Transport aller Arten von Fracht, sondern auch f\u00fcr die Erreichbarkeit enger und schwer zug\u00e4nglicher Bereiche. Unsere spezialisierten Minivans erf\u00fcllen Ihre Transportanforderungen im Stadt- und \u00dcberlandverkehr schnell und sicher. Wir ergreifen w\u00e4hrend des gesamten Prozesses strenge Sicherheitsma\u00dfnahmen und \u00fcberwachen Ihre Sendungen auf jedem Schritt des Weges, um sicherzustellen, dass sie den Empf\u00e4nger so schnell und kosteng\u00fcnstig wie m\u00f6glich erreichen.<br \/><br \/>Kundenzufriedenheit steht bei uns stets an erster Stelle. Mit flexiblen Lieferzeiten und einem schnellen, l\u00f6sungsorientierten Ansatz gestalten wir den Transportprozess einfach und stressfrei. Mit Minivan Express bieten wir Dienstleistungen, die \u00fcber den reinen Transport hinausgehen und all Ihre logistischen Anforderungen erf\u00fcllen. Wir managen jede Phase des Transportprozesses transparent und kontrolliert und nutzen die notwendigen Versicherungsleistungen und Trackingsysteme, um die Sicherheit Ihrer Sendungen zu gew\u00e4hrleisten.<\/p>\t\t\t\t\t\t\t\t<\/div>\n\t\t\t\t<\/div>\n\t\t\t\t<\/div>\n\t\t\t\t\t<\/div>\n\t\t\t\t<\/div>\n\t\t\t\t<\/div>","protected":false},"excerpt":{"rendered":"<p>Minivan Ekspres, h\u0131zl\u0131 ve g\u00fcvenilir ta\u015f\u0131mac\u0131l\u0131k \u00e7\u00f6z\u00fcmleri arayanlar i\u00e7in ideal bir tercihtir. K\u00fc\u00e7\u00fck ve orta b\u00fcy\u00fckl\u00fckteki y\u00fcklerin h\u0131zl\u0131 bir \u015fekilde ta\u015f\u0131nmas\u0131n\u0131 sa\u011flayan minivan filosu ile her t\u00fcrl\u00fc ta\u015f\u0131mac\u0131l\u0131k ihtiyac\u0131n\u0131za esnek ve ekonomik \u00e7\u00f6z\u00fcmler sunuyoruz. \u00d6zellikle acil teslimat gereksinimlerinde, k\u0131sa s\u00fcreli ula\u015f\u0131m&#8230;<\/p>","protected":false},"author":1,"featured_media":11018,"parent":11348,"menu_order":0,"comment_status":"closed","ping_status":"closed","template":"","meta":{"inline_featured_image":false,"footnotes":""},"class_list":["post-11142","page","type-page","status-publish","has-post-thumbnail","hentry"],"aioseo_notices":[],"_links":{"self":[{"href":"https:\/\/dexcoglobal.com\/de\/wp-json\/wp\/v2\/pages\/11142","targetHints":{"allow":["GET"]}}],"collection":[{"href":"https:\/\/dexcoglobal.com\/de\/wp-json\/wp\/v2\/pages"}],"about":[{"href":"https:\/\/dexcoglobal.com\/de\/wp-json\/wp\/v2\/types\/page"}],"author":[{"embeddable":true,"href":"https:\/\/dexcoglobal.com\/de\/wp-json\/wp\/v2\/users\/1"}],"replies":[{"embeddable":true,"href":"https:\/\/dexcoglobal.com\/de\/wp-json\/wp\/v2\/comments?post=11142"}],"version-history":[{"count":8,"href":"https:\/\/dexcoglobal.com\/de\/wp-json\/wp\/v2\/pages\/11142\/revisions"}],"predecessor-version":[{"id":11317,"href":"https:\/\/dexcoglobal.com\/de\/wp-json\/wp\/v2\/pages\/11142\/revisions\/11317"}],"up":[{"embeddable":true,"href":"https:\/\/dexcoglobal.com\/de\/wp-json\/wp\/v2\/pages\/11348"}],"wp:featuredmedia":[{"embeddable":true,"href":"https:\/\/dexcoglobal.com\/de\/wp-json\/wp\/v2\/media\/11018"}],"wp:attachment":[{"href":"https:\/\/dexcoglobal.com\/de\/wp-json\/wp\/v2\/media?parent=11142"}],"curies":[{"name":"wp","href":"https:\/\/api.w.org\/{rel}","templated":true}]}}